{"id":17079,"date":"2024-03-18T17:13:45","date_gmt":"2024-03-18T16:13:45","guid":{"rendered":"https:\/\/progdev.pro\/avis_legal\/"},"modified":"2025-12-12T10:31:58","modified_gmt":"2025-12-12T09:31:58","slug":"aviso-legal","status":"publish","type":"page","link":"https:\/\/progdev.pro\/es\/aviso-legal\/","title":{"rendered":"Aviso Legal"},"content":{"rendered":"\t\t<div data-elementor-type=\"wp-page\" data-elementor-id=\"17079\" class=\"elementor elementor-17079 elementor-14147\" data-elementor-post-type=\"page\">\n\t\t\t\t\t\t<section class=\"elementor-section elementor-top-section elementor-element elementor-element-8b23f5b elementor-section-boxed elementor-section-height-default elementor-section-height-default\" data-id=\"8b23f5b\" data-element_type=\"section\" id=\"Demo\" data-settings=\"{&quot;background_background&quot;:&quot;gradient&quot;}\">\n\t\t\t\t\t\t\t<div class=\"elementor-background-overlay\"><\/div>\n\t\t\t\t\t\t\t<div class=\"elementor-container elementor-column-gap-wider\">\n\t\t\t\t\t<div class=\"elementor-column elementor-col-100 elementor-top-column elementor-element elementor-element-3e0731a\" data-id=\"3e0731a\" data-element_type=\"column\" data-settings=\"{&quot;background_background&quot;:&quot;classic&quot;}\">\n\t\t\t<div class=\"elementor-widget-wrap elementor-element-populated\">\n\t\t\t\t\t<div class=\"elementor-background-overlay\"><\/div>\n\t\t\t\t\t\t<div class=\"elementor-element elementor-element-80ecf96 elementor-widget elementor-widget-spacer\" data-id=\"80ecf96\" data-element_type=\"widget\" data-settings=\"{&quot;htmega_fe&quot;:&quot;no&quot;}\" data-widget_type=\"spacer.default\">\n\t\t\t\t<div class=\"elementor-widget-container\">\n\t\t\t\t\t\t\t<div class=\"elementor-spacer\">\n\t\t\t<div class=\"elementor-spacer-inner\"><\/div>\n\t\t<\/div>\n\t\t\t\t\t\t<\/div>\n\t\t\t\t<\/div>\n\t\t\t\t<div class=\"elementor-element elementor-element-ee4f0dc elementor-widget elementor-widget-heading\" data-id=\"ee4f0dc\" data-element_type=\"widget\" data-settings=\"{&quot;htmega_fe&quot;:&quot;no&quot;}\" data-widget_type=\"heading.default\">\n\t\t\t\t<div class=\"elementor-widget-container\">\n\t\t\t\t\t<h4 class=\"elementor-heading-title elementor-size-default\">Aviso Legal<\/h4>\t\t\t\t<\/div>\n\t\t\t\t<\/div>\n\t\t\t\t<div class=\"elementor-element elementor-element-191e42e elementor-widget elementor-widget-spacer\" data-id=\"191e42e\" data-element_type=\"widget\" data-settings=\"{&quot;htmega_fe&quot;:&quot;no&quot;}\" data-widget_type=\"spacer.default\">\n\t\t\t\t<div class=\"elementor-widget-container\">\n\t\t\t\t\t\t\t<div class=\"elementor-spacer\">\n\t\t\t<div class=\"elementor-spacer-inner\"><\/div>\n\t\t<\/div>\n\t\t\t\t\t\t<\/div>\n\t\t\t\t<\/div>\n\t\t\t\t<div class=\"elementor-element elementor-element-bdaa56b elementor-widget elementor-widget-spacer\" data-id=\"bdaa56b\" data-element_type=\"widget\" data-settings=\"{&quot;htmega_fe&quot;:&quot;no&quot;}\" data-widget_type=\"spacer.default\">\n\t\t\t\t<div class=\"elementor-widget-container\">\n\t\t\t\t\t\t\t<div class=\"elementor-spacer\">\n\t\t\t<div class=\"elementor-spacer-inner\"><\/div>\n\t\t<\/div>\n\t\t\t\t\t\t<\/div>\n\t\t\t\t<\/div>\n\t\t\t\t\t<\/div>\n\t\t<\/div>\n\t\t\t\t\t<\/div>\n\t\t<\/section>\n\t\t<div class=\"elementor-element elementor-element-76ca2ab e-flex e-con-boxed e-con e-parent\" data-id=\"76ca2ab\" data-element_type=\"container\">\n\t\t\t\t\t<div class=\"e-con-inner\">\n\t\t<div class=\"elementor-element elementor-element-dc3f484 e-flex e-con-boxed e-con e-child\" data-id=\"dc3f484\" data-element_type=\"container\">\n\t\t\t\t\t<div class=\"e-con-inner\">\n\t\t<div class=\"elementor-element elementor-element-f0ef711 e-con-full e-flex e-con e-child\" data-id=\"f0ef711\" data-element_type=\"container\">\n\t\t\t\t<div class=\"elementor-element elementor-element-f47cf7c elementor-widget elementor-widget-text-editor\" data-id=\"f47cf7c\" data-element_type=\"widget\" data-settings=\"{&quot;htmega_fe&quot;:&quot;no&quot;}\" data-widget_type=\"text-editor.default\">\n\t\t\t\t<div class=\"elementor-widget-container\">\n\t\t\t\t\t\t\t\t\t<hr><p class=\"p1\"><b>PROGDEV<\/b><b> <\/b><b>SLU<\/b> , responsable del sitio web, en adelante RESPONSABLE, pone a disposici\u00f3n de los usuarios el presente documento, con el que pretende dar cumplimiento a las obligaciones dispuestas en la Ley 20\/2014, de 16 de octubre, reguladora de la contrataci\u00f3n electr\u00f3nica y de los operadores que desarrollan su actividad econ\u00f3mica en un espacio digital, as\u00ed como informar a todos los usuarios.<\/p><p class=\"p2\">Toda persona que acceda a este sitio web asume el papel de usuario, comprometi\u00e9ndose a la observancia y riguroso cumplimiento de las disposiciones aqu\u00ed dispuestas, as\u00ed como a cualquier otra disposici\u00f3n legal que fuera aplicable.<\/p><p class=\"p3\"><b>PROGDEV<\/b><b> <\/b><b>SLU,<\/b><b> <\/b>se reserva el derecho de modificar cualquier tipo de informaci\u00f3n que pudiera aparecer en el sitio web, sin que exista obligaci\u00f3n de preaviso o poner en conocimiento de los usuarios estas obligaciones, entendi\u00e9ndose como suficiente con la publicaci\u00f3n en el sitio web de <b>PROGDEV SLU ,<\/b><\/p><p class=\"p4\"><span class=\"s4\"><b>IDENTIFICACI\u00d3N<\/b><\/span><\/p><p class=\"p5\"><b>Titular:<\/b> PROGDEV SLU,<\/p><p class=\"p5\"><b>NRT:<\/b> L-71407-G<\/p><p class=\"p4\"><b>Direcci\u00f3n:<\/b><b> <\/b>Calle Prat de la Cruz 59-65, Escalera B, Planta 1 Depacho 2BC \u2013 AD500 Andorra la Vella<\/p><p class=\"p4\"><b>Direcci\u00f3n de Correo electr\u00f3nico:<\/b> <a href=\"mailto:dpd@prodev.pro\">dpd@prodev.pro<\/a><\/p><p class=\"p4\"><b>Tel\u00e9fono:<\/b> +376 81 51 23<\/p><p class=\"p4\"><span class=\"s4\"><b>OBJETO<\/b><\/span><\/p><p class=\"p6\">La finalidad de este sitio web es informar sobre la actividad de PROGDEV SLU, d\u00f3nde nos sit\u00faan, qu\u00e9 servicios ofrecen, \u00faltimas noticias, un blog, .<\/p><p class=\"p7\">Si accedes, navegas, utilizas y\/o visualizas los contenidos de la Web, te conviertes en Usuario de la Web y autom\u00e1ticamente aceptas las condiciones de este Aviso Legal, que ser\u00e1 de aplicaci\u00f3n. Se entiende por usuario la persona que acceda, navegue, utilice o participe en los servicios de este sitio web.<\/p><p class=\"p8\">PROGDEV SLU, se reserva el derecho de cambiar, en cualquier momento y sin necesidad de preaviso alguno, las condiciones de uso. Cada vez que utilice la p\u00e1gina web regir\u00e1n las condiciones de uso de acuerdo con las modificaciones introducidas en cada momento, por lo que se recomienda que el Usuario las lea detenidamente cada vez que entre en la p\u00e1gina web.<\/p><p class=\"p3\"><b>CONDICIONES DE USO DE LA WEB<\/b><\/p><p class=\"p7\">El acceso a la presente Web es gratuito, salvo respecto al coste de la conexi\u00f3n a Internet que necesites para acceder.<\/p><p class=\"p8\">No puedes utilizar la Web con fines lesivos de bienes o intereses de PROGDEV SLU, o de terceros o que de cualquier otra forma sobrecarguen, da\u00f1en o inutilicen las redes, servidores y otros equipos inform\u00e1ticos (hardware) o productos y aplicaciones inform\u00e1ticas<\/p><p class=\"p9\">(software) de PROGDEV SLU, o de terceros.<\/p><p class=\"p11\">Como Usuario de la Web, asumes la responsabilidad del uso de la misma y te comprometes a hacer un uso adecuado de los contenidos y servicios, que PROGDEV SLU, pueda ofrecer y, con car\u00e1cter enunciativo, pero no limitativo, a no utilizarlo los para:<\/p><ul class=\"ul1\"><li class=\"li12\">Incurrir en actividades il\u00edcitas, ilegales o contrarias a la buena fe y al orden p\u00fablico;<\/li><li class=\"li12\">Difundir contenidos o propaganda de car\u00e1cter racista, xen\u00f3fobo, pornogr\u00e1fico, ilegal, de apolog\u00eda del terrorismo o atentatorio contra los derechos humanos o las libertades fundamentales;<\/li><li class=\"li13\">Provocar da\u00f1os en los sistemas f\u00edsicos y l\u00f3gicos de PROGDEV SLU, de sus proveedores o de terceros, introducir o difundir en la red virus inform\u00e1ticos o cualesquiera otros sistemas f\u00edsicos o l\u00f3gicos que sean susceptibles de provocar los da\u00f1os anteriormente citados;<\/li><li class=\"li13\">Intentar acceder y, en su caso, utilizar las cuentas de correo electr\u00f3nico de otros usuarios y modificar o manipular sus mensajes.<\/li><li class=\"li12\">Proporcionar datos falsos o inexactos, as\u00ed como suplantar la identidad de terceros.<\/li><\/ul><p class=\"p14\">PROGDEV SLU, podr\u00e1 utilizar todos los medios legales a su alcance para perseguir el incumplimiento del este Aviso Legal y cualquier utilizaci\u00f3n indebida de su Web.<\/p><p class=\"p15\"><b>PROPIEDAD INTELECTUAL E INDUSTRIAL<\/b><\/p><p class=\"p16\">Todos los contenidos, sin exclusi\u00f3n y de forma no limitativa, que forman parte de la p\u00e1gina web, es decir, art\u00edculos, datos, textos, iconos, im\u00e1genes, bases de datos, etc., son propiedad de PROGDEV SLU o de terceras personas f\u00edsicas o jur\u00eddicas que han autorizado su uso en PROGDEV SLU,. Los contenidos del sitio web son objeto de propiedad intelectual y\/o industrial, protegidos por las leyes de propiedad intelectual nacionales e internacionales vigentes.<\/p><p class=\"p14\">En virtud de la Ley de Propiedad Intelectual, queda expresamente prohibida cualquier reproducci\u00f3n, distribuci\u00f3n, transformaci\u00f3n, comunicaci\u00f3n p\u00fablica y puesta a disposici\u00f3n total o parcial, de los contenidos de la Web, en cualquier soporte y por cualquier medio t\u00e9cnico, salvo autorizaci\u00f3n expresa y por escrito del titular de la Web, salvo en aquellos casos en los que, por ley, tal autorizaci\u00f3n no resulte necesaria.<\/p><p class=\"p17\">Por tanto, te comprometes a respetar los derechos de Propiedad Intelectual e Industrial del titular. Podr\u00e1s visualizar los elementos de la Web e incluso imprimirlos, copiarlos y almacenarlos en el disco duro de tu ordenador o en cualquier otro soporte f\u00edsico siempre que sea exclusivamente para tu uso personal y privado. Adem\u00e1s, deber\u00e1s abstenerte de suprimir, alterar, eludir o manipular cualquier dispositivo de protecci\u00f3n o sistema de seguridad que estuviera instalado en la Web.<\/p><p class=\"p17\">El dise\u00f1o y programaci\u00f3n de la p\u00e1gina web se han realizado por APOD (Agencia de Comunicaci\u00f3n) cediendo los derechos de explotaci\u00f3n a PROGDEV SLU,.<\/p><p class=\"p18\">El acceso a la p\u00e1gina web no implica en ning\u00fan caso renuncia, transmisi\u00f3n o cesi\u00f3n, total ni parcial de los derechos otorgados por la normativa andorrana e internacional sobre propiedad intelectual.<\/p><p class=\"p19\"><span class=\"s4\"><b>ENLACES<\/b><\/span><\/p><p class=\"p14\">En la Web <a href=\"http:\/\/www.progdev.pro\/\">www.progdev.pro<\/a> puede haber enlaces (links) meramente informativos a otras p\u00e1ginas mantenidas por terceros y que, por tanto, escapan al control de PROGDEV SLU, quien no puede asumir responsabilidades de la informaci\u00f3n que aparezca en estas p\u00e1ginas , ni de cualesquiera efectos que pudieran derivarse de esta informaci\u00f3n. No podr\u00e1<\/p><p class=\"p1\">garantizar la disponibilidad t\u00e9cnica, calidad, fiabilidad, exactitud, amplitud, veracidad, validez y constitucionalidad de cualquier material o informaci\u00f3n contenida en ninguno de estos enlaces. En caso de que cualquier Usuario o tercero considere que tales enlaces pueden ser contrarios a las leyes, la moral o el orden p\u00fablico, rogamos que lo ponga en nuestro conocimiento a trav\u00e9s del correo electr\u00f3nico <span class=\"s10\"><a href=\"mailto:dpd@progdev.pro\">dpd@progdev.pro,<\/a><\/span> a fin de que adoptemos las medidas oportunas.<\/p><p class=\"p2\">En ning\u00fan caso estas redirecciones suponen la asociaci\u00f3n, fusi\u00f3n o participaci\u00f3n de PROGDEV SLU., con las entidades conectadas. Sin perjuicio de que algunos enlaces puedan estar previamente negociados o consensuados con el responsable del contenido enlazado, generando una contraprestaci\u00f3n por las acciones realizadas libremente por el Usuario. Esta situaci\u00f3n no afectar\u00e1 en ning\u00fan caso a la exclusi\u00f3n de responsabilidad sobre el contenido enlazado ni a la independencia de <a href=\"http:\/\/www.progdev.pro\/\">www.progdev.pro.<\/a><\/p><p class=\"p5\"><b>POL\u00cdTICA DE PRIVACIDAD Y COOKIES<\/b><\/p><p class=\"p7\">Puedes obtener informaci\u00f3n sobre el tratamiento de datos de car\u00e1cter personal que realizamos en esta Web, a trav\u00e9s del enlace a la <a href=\"https:\/\/progdev.pro\/es\/politica-de-privacidad\/\">Pol\u00edtica de Privacidad<\/a> .<\/p><p class=\"p7\">En algunos casos utilizaremos en la Web cookies para el correcto funcionamiento y para obtener informaci\u00f3n sobre la forma en la que como Usuarios acceda y utilice la Web (sin poder identificarte). Puedes obtener m\u00e1s informaci\u00f3n sobre c\u00f3mo y cu\u00e1ndo utilizamos cookies en la <a href=\"https:\/\/progdev.pro\/cookies\/\">Pol\u00edtica de cookies<\/a> .<\/p><p class=\"p5\"><span class=\"s4\"><b>RESPONSABILIDADES<\/b><\/span><\/p><p class=\"p20\">PROGDEV SLU, rechaza la responsabilidad que se derive de la mala utilizaci\u00f3n de los contenidos, reservando el derecho a actualizarlos, eliminarlos, limitarlos o impedir su acceso temporal o definitivamente.<\/p><p class=\"p20\">La \u00fanica finalidad de los contenidos de la p\u00e1gina web es informar a los usuarios de los servicios que ofrece PROGDEV SLU.<\/p><p class=\"p21\">PROGDEV SLU no garantiza el perfecto funcionamiento de la p\u00e1gina web, as\u00ed como que se encuentre disponible y operativa en todo momento.<\/p><p class=\"p22\">PROGDEV SLU, no se hace responsable de los da\u00f1os y perjuicios directos o indirectos, incluidos da\u00f1os en sistemas inform\u00e1ticos o introducci\u00f3n de virus existentes en la red, derivados de la navegaci\u00f3n y utilizaci\u00f3n de la p\u00e1gina web.<\/p><p class=\"p23\"><b>DURACI\u00d3N Y MODIFICACI\u00d3N<\/b><\/p><p class=\"p24\">Con el objetivo de mejorar el servicio y\/o adaptarse a la legislaci\u00f3n vigente, PROGDEV SLU tendr\u00e1 derecho a modificar los t\u00e9rminos y condiciones estipulados en el presente Aviso Legal.<\/p><p class=\"p20\">PROGDEV SLU, podr\u00e1 dar por finalizada, suspender o interrumpir unilateralmente, la operatividad de esta p\u00e1gina web, sin posibilidad de solicitar ning\u00fan tipo de indemnizaci\u00f3n por parte del usuario.<\/p><p class=\"p25\"><b>LEGISLACI\u00d3N APLICABLE<\/b><\/p><p class=\"p8\">Las presentes condiciones generales se rigen por la normativa andorrana. Son competentes para resolver toda controversia o conflicto que se derive de las presentes condiciones generales los Juzgados de Andorra, renunciando expresamente al usuario a cualquiera<\/p><p class=\"p9\">otro fuero que pudiera corresponderle.<\/p><p> <\/p>\t\t\t\t\t\t\t\t<\/div>\n\t\t\t\t<\/div>\n\t\t\t\t<\/div>\n\t\t\t\t\t<\/div>\n\t\t\t\t<\/div>\n\t\t\t\t\t<\/div>\n\t\t\t\t<\/div>\n\t\t<div class=\"elementor-element elementor-element-516aac0 e-flex e-con-boxed e-con e-parent\" data-id=\"516aac0\" data-element_type=\"container\">\n\t\t\t\t\t<div class=\"e-con-inner\">\n\t\t\t\t<div class=\"elementor-element elementor-element-e9d875b elementor-widget elementor-widget-spacer\" data-id=\"e9d875b\" data-element_type=\"widget\" data-settings=\"{&quot;htmega_fe&quot;:&quot;no&quot;}\" data-widget_type=\"spacer.default\">\n\t\t\t\t<div class=\"elementor-widget-container\">\n\t\t\t\t\t\t\t<div class=\"elementor-spacer\">\n\t\t\t<div class=\"elementor-spacer-inner\"><\/div>\n\t\t<\/div>\n\t\t\t\t\t\t<\/div>\n\t\t\t\t<\/div>\n\t\t\t\t\t<\/div>\n\t\t\t\t<\/div>\n\t\t\t\t<\/div>\n\t\t","protected":false},"excerpt":{"rendered":"<p>Aviso Legal PROGDEV SLU , responsable del sitio web, en adelante RESPONSABLE, pone a disposici\u00f3n de los usuarios el presente documento, con el que pretende dar cumplimiento a las obligaciones dispuestas en la Ley 20\/2014, de 16 de octubre, reguladora de la contrataci\u00f3n electr\u00f3nica y de los operadores que desarrollan su actividad econ\u00f3mica en un&hellip;<\/p>\n","protected":false},"author":1,"featured_media":0,"parent":0,"menu_order":101,"comment_status":"closed","ping_status":"closed","template":"elementor_header_footer","meta":{"_uf_show_specific_survey":0,"_uf_disable_surveys":false,"_joinchat":[],"footnotes":""},"class_list":["post-17079","page","type-page","status-publish","hentry"],"yoast_head":"<!-- This site is optimized with the Yoast SEO plugin v26.7 - https:\/\/yoast.com\/wordpress\/plugins\/seo\/ -->\n<title>Aviso Legal - PROGDEV - Programaci\u00f3 a mida<\/title>\n<meta name=\"robots\" content=\"noindex, nofollow\" \/>\n<meta property=\"og:locale\" content=\"es_ES\" \/>\n<meta property=\"og:type\" content=\"article\" \/>\n<meta property=\"og:title\" content=\"Aviso Legal - PROGDEV - Programaci\u00f3 a mida\" \/>\n<meta property=\"og:description\" content=\"Aviso Legal PROGDEV SLU , responsable del sitio web, en adelante RESPONSABLE, pone a disposici\u00f3n de los usuarios el presente documento, con el que pretende dar cumplimiento a las obligaciones dispuestas en la Ley 20\/2014, de 16 de octubre, reguladora de la contrataci\u00f3n electr\u00f3nica y de los operadores que desarrollan su actividad econ\u00f3mica en un&hellip;\" \/>\n<meta property=\"og:url\" content=\"https:\/\/progdev.pro\/es\/aviso-legal\/\" \/>\n<meta property=\"og:site_name\" content=\"PROGDEV - Programaci\u00f3 a mida\" \/>\n<meta property=\"article:modified_time\" content=\"2025-12-12T09:31:58+00:00\" \/>\n<meta name=\"twitter:card\" content=\"summary_large_image\" \/>\n<meta name=\"twitter:label1\" content=\"Tiempo de lectura\" \/>\n\t<meta name=\"twitter:data1\" content=\"6 minutos\" \/>\n<!-- \/ Yoast SEO plugin. -->","yoast_head_json":{"title":"Aviso Legal - PROGDEV - Programaci\u00f3 a mida","robots":{"index":"noindex","follow":"nofollow"},"og_locale":"es_ES","og_type":"article","og_title":"Aviso Legal - PROGDEV - Programaci\u00f3 a mida","og_description":"Aviso Legal PROGDEV SLU , responsable del sitio web, en adelante RESPONSABLE, pone a disposici\u00f3n de los usuarios el presente documento, con el que pretende dar cumplimiento a las obligaciones dispuestas en la Ley 20\/2014, de 16 de octubre, reguladora de la contrataci\u00f3n electr\u00f3nica y de los operadores que desarrollan su actividad econ\u00f3mica en un&hellip;","og_url":"https:\/\/progdev.pro\/es\/aviso-legal\/","og_site_name":"PROGDEV - Programaci\u00f3 a mida","article_modified_time":"2025-12-12T09:31:58+00:00","twitter_card":"summary_large_image","twitter_misc":{"Tiempo de lectura":"6 minutos"},"schema":{"@context":"https:\/\/schema.org","@graph":[{"@type":"WebPage","@id":"https:\/\/progdev.pro\/es\/aviso-legal\/","url":"https:\/\/progdev.pro\/es\/aviso-legal\/","name":"Aviso Legal - PROGDEV - Programaci\u00f3 a mida","isPartOf":{"@id":"https:\/\/progdev.pro\/es\/#website"},"datePublished":"2024-03-18T16:13:45+00:00","dateModified":"2025-12-12T09:31:58+00:00","breadcrumb":{"@id":"https:\/\/progdev.pro\/es\/aviso-legal\/#breadcrumb"},"inLanguage":"es","potentialAction":[{"@type":"ReadAction","target":["https:\/\/progdev.pro\/es\/aviso-legal\/"]}]},{"@type":"BreadcrumbList","@id":"https:\/\/progdev.pro\/es\/aviso-legal\/#breadcrumb","itemListElement":[{"@type":"ListItem","position":1,"name":"Home","item":"https:\/\/progdev.pro\/es\/"},{"@type":"ListItem","position":2,"name":"Aviso Legal"}]},{"@type":"WebSite","@id":"https:\/\/progdev.pro\/es\/#website","url":"https:\/\/progdev.pro\/es\/","name":"PROGDEV - Programaci\u00f3 a mida","description":"Confeccionem programes a mida, adaptats a les necessitats de la vostra organitzaci\u00f3. Tot el que us podeu imaginar es pot programar.","publisher":{"@id":"https:\/\/progdev.pro\/es\/#organization"},"potentialAction":[{"@type":"SearchAction","target":{"@type":"EntryPoint","urlTemplate":"https:\/\/progdev.pro\/es\/?s={search_term_string}"},"query-input":{"@type":"PropertyValueSpecification","valueRequired":true,"valueName":"search_term_string"}}],"inLanguage":"es"},{"@type":"Organization","@id":"https:\/\/progdev.pro\/es\/#organization","name":"PROGDEV - Programaci\u00f3 a mida","url":"https:\/\/progdev.pro\/es\/","logo":{"@type":"ImageObject","inLanguage":"es","@id":"https:\/\/progdev.pro\/es\/#\/schema\/logo\/image\/","url":"https:\/\/progdev.pro\/wp-content\/uploads\/2024\/04\/cropped-Progdev_ICON-1.png","contentUrl":"https:\/\/progdev.pro\/wp-content\/uploads\/2024\/04\/cropped-Progdev_ICON-1.png","width":512,"height":512,"caption":"PROGDEV - Programaci\u00f3 a mida"},"image":{"@id":"https:\/\/progdev.pro\/es\/#\/schema\/logo\/image\/"}}]}},"_links":{"self":[{"href":"https:\/\/progdev.pro\/es\/wp-json\/wp\/v2\/pages\/17079","targetHints":{"allow":["GET"]}}],"collection":[{"href":"https:\/\/progdev.pro\/es\/wp-json\/wp\/v2\/pages"}],"about":[{"href":"https:\/\/progdev.pro\/es\/wp-json\/wp\/v2\/types\/page"}],"author":[{"embeddable":true,"href":"https:\/\/progdev.pro\/es\/wp-json\/wp\/v2\/users\/1"}],"replies":[{"embeddable":true,"href":"https:\/\/progdev.pro\/es\/wp-json\/wp\/v2\/comments?post=17079"}],"version-history":[{"count":4,"href":"https:\/\/progdev.pro\/es\/wp-json\/wp\/v2\/pages\/17079\/revisions"}],"predecessor-version":[{"id":25634,"href":"https:\/\/progdev.pro\/es\/wp-json\/wp\/v2\/pages\/17079\/revisions\/25634"}],"wp:attachment":[{"href":"https:\/\/progdev.pro\/es\/wp-json\/wp\/v2\/media?parent=17079"}],"curies":[{"name":"wp","href":"https:\/\/api.w.org\/{rel}","templated":true}]}}