{"id":17107,"date":"2024-02-26T10:15:31","date_gmt":"2024-02-26T09:15:31","guid":{"rendered":"https:\/\/progdev.pro\/politica-de-cookies\/"},"modified":"2026-02-24T13:22:20","modified_gmt":"2026-02-24T12:22:20","slug":"politica-de-cookies","status":"publish","type":"page","link":"https:\/\/progdev.pro\/es\/politica-de-cookies\/","title":{"rendered":"Pol\u00edtica de Cookies"},"content":{"rendered":"\t\t<div data-elementor-type=\"wp-page\" data-elementor-id=\"17107\" class=\"elementor elementor-17107 elementor-13363\" data-elementor-post-type=\"page\">\n\t\t\t\t\t\t<section class=\"elementor-section elementor-top-section elementor-element elementor-element-8b23f5b elementor-section-boxed elementor-section-height-default elementor-section-height-default\" data-id=\"8b23f5b\" data-element_type=\"section\" id=\"Demo\" data-settings=\"{&quot;background_background&quot;:&quot;gradient&quot;}\">\n\t\t\t\t\t\t\t<div class=\"elementor-background-overlay\"><\/div>\n\t\t\t\t\t\t\t<div class=\"elementor-container elementor-column-gap-wider\">\n\t\t\t\t\t<div class=\"elementor-column elementor-col-100 elementor-top-column elementor-element elementor-element-3e0731a\" data-id=\"3e0731a\" data-element_type=\"column\" data-settings=\"{&quot;background_background&quot;:&quot;classic&quot;}\">\n\t\t\t<div class=\"elementor-widget-wrap elementor-element-populated\">\n\t\t\t\t\t<div class=\"elementor-background-overlay\"><\/div>\n\t\t\t\t\t\t<div class=\"elementor-element elementor-element-80ecf96 elementor-widget elementor-widget-spacer\" data-id=\"80ecf96\" data-element_type=\"widget\" data-settings=\"{&quot;htmega_fe&quot;:&quot;no&quot;}\" data-widget_type=\"spacer.default\">\n\t\t\t\t<div class=\"elementor-widget-container\">\n\t\t\t\t\t\t\t<div class=\"elementor-spacer\">\n\t\t\t<div class=\"elementor-spacer-inner\"><\/div>\n\t\t<\/div>\n\t\t\t\t\t\t<\/div>\n\t\t\t\t<\/div>\n\t\t\t\t<div class=\"elementor-element elementor-element-ee4f0dc elementor-widget elementor-widget-heading\" data-id=\"ee4f0dc\" data-element_type=\"widget\" data-settings=\"{&quot;htmega_fe&quot;:&quot;no&quot;}\" data-widget_type=\"heading.default\">\n\t\t\t\t<div class=\"elementor-widget-container\">\n\t\t\t\t\t<h4 class=\"elementor-heading-title elementor-size-default\">\nPol\u00edtica de Cookies\n<\/h4>\t\t\t\t<\/div>\n\t\t\t\t<\/div>\n\t\t\t\t<div class=\"elementor-element elementor-element-191e42e elementor-widget elementor-widget-spacer\" data-id=\"191e42e\" data-element_type=\"widget\" data-settings=\"{&quot;htmega_fe&quot;:&quot;no&quot;}\" data-widget_type=\"spacer.default\">\n\t\t\t\t<div class=\"elementor-widget-container\">\n\t\t\t\t\t\t\t<div class=\"elementor-spacer\">\n\t\t\t<div class=\"elementor-spacer-inner\"><\/div>\n\t\t<\/div>\n\t\t\t\t\t\t<\/div>\n\t\t\t\t<\/div>\n\t\t\t\t<div class=\"elementor-element elementor-element-bdaa56b elementor-widget elementor-widget-spacer\" data-id=\"bdaa56b\" data-element_type=\"widget\" data-settings=\"{&quot;htmega_fe&quot;:&quot;no&quot;}\" data-widget_type=\"spacer.default\">\n\t\t\t\t<div class=\"elementor-widget-container\">\n\t\t\t\t\t\t\t<div class=\"elementor-spacer\">\n\t\t\t<div class=\"elementor-spacer-inner\"><\/div>\n\t\t<\/div>\n\t\t\t\t\t\t<\/div>\n\t\t\t\t<\/div>\n\t\t\t\t\t<\/div>\n\t\t<\/div>\n\t\t\t\t\t<\/div>\n\t\t<\/section>\n\t\t<div class=\"elementor-element elementor-element-76ca2ab e-flex e-con-boxed e-con e-parent\" data-id=\"76ca2ab\" data-element_type=\"container\">\n\t\t\t\t\t<div class=\"e-con-inner\">\n\t\t<div class=\"elementor-element elementor-element-dc3f484 e-flex e-con-boxed e-con e-child\" data-id=\"dc3f484\" data-element_type=\"container\">\n\t\t\t\t\t<div class=\"e-con-inner\">\n\t\t<div class=\"elementor-element elementor-element-f0ef711 e-con-full e-flex e-con e-child\" data-id=\"f0ef711\" data-element_type=\"container\">\n\t\t\t\t<div class=\"elementor-element elementor-element-f47cf7c elementor-widget elementor-widget-text-editor\" data-id=\"f47cf7c\" data-element_type=\"widget\" data-settings=\"{&quot;htmega_fe&quot;:&quot;no&quot;}\" data-widget_type=\"text-editor.default\">\n\t\t\t\t<div class=\"elementor-widget-container\">\n\t\t\t\t\t\t\t\t\t<hr>\n<div id=\"page-wrap\" class=\"container\">\n<div id=\"content\" class=\"sixteen columns\">\n<section class=\"vc_section vc_custom_1656662740697\">\n<div class=\"wpb_row vc_row-fluid standard-section section section-no-parallax stretch \" data-speed=\"1\">\n<div class=\"col span_12 color-dark left\">\n<div class=\"vc_col-sm-12 wpb_column column_container col no-padding color-dark\" data-animation=\"\" data-delay=\"\">\n<div class=\"wpb_wrapper\">\n<div class=\"wpb_text_column wpb_content_element \">\n<div class=\"wpb_wrapper\">\n<div class=\"page\" title=\"Page 1\">\n<div class=\"layoutArea\">\n<div class=\"column\">\n<p>La presente P\u00e1gina Web utiliza cookies para mejorar la navegaci\u00f3n del usuario y actualizar su contenido. A continuaci\u00f3n, encontrar\u00e1 informaci\u00f3n sobre qu\u00e9 son las cookies, qu\u00e9 tipos de cookies existen, cu\u00e1les utilizamos en <span style=\"color: #03d87d;\"><strong>PROGDEV<\/strong> <strong>SLU<\/strong><\/span> c\u00f3mo puede configurar y desactivar las cookies en su navegador y c\u00f3mo desactivar espec\u00edficamente la instalaci\u00f3n de cookies de terceros.<\/p>\n<h2>\u00bfQu\u00e9 son las cookies y por qu\u00e9 las utilizamos en el sitio web?<\/p>\n<\/h2>\n<p>Una cookie es un archivo que se descarga en el dispositivo del usuario al acceder a determinados sitios web para almacenar y recuperar informaci\u00f3n sobre la navegaci\u00f3n que se efect\u00faa desde su equipo.<\/p>\n<p>Las cookies permiten a esta web, entre otras cosas, almacenar y recuperar informaci\u00f3n sobre las opciones y h\u00e1bitos del usuario. En este sitio web, las cookies existentes son necesarias para su funcionamiento.<\/p>\n<div class=\"page\" title=\"Page 1\">\n<div class=\"layoutArea\">\n<div class=\"column\">\n<h2>\u00bfQu\u00e9 tipos de cookies existen?<\/h2>\n<\/p>\n<p>Las cookies, en funci\u00f3n del tiempo que permanecen activadas, pueden dividirse en cookies de sesi\u00f3n o permanentes:<\/p>\n<ul>\n<li>Cookies de sesi\u00f3n: estas cookies est\u00e1n dise\u00f1adas para recopilar datos y almacenarlos mientras el usuario navega por la p\u00e1gina web, y son eliminadas al cerrar el navegador. Se suelen utilizar para almacenar informaci\u00f3n que interesa conservar para la prestaci\u00f3n del servicio solicitado por el usuario en una sola ocasi\u00f3n.<\/li>\n<li>Cookies persistentes: esta categor\u00eda incluye todas las cookies que permanecen al decir duro del usuario hasta que las borra o hasta que lo hace su navegador, dependiendo de la fecha de caducidad de la cookie. Todas las cookies persistentes tienen una fecha de caducidad escrita en el c\u00f3digo, pero la duraci\u00f3n puede variar (algunas incluso podr\u00edan permanecer en el dispositivo del usuario m\u00e1s tiempo si no hace ninguna acci\u00f3n positiva para borrarlas). Mientras una cookie no caduque, los datos recogidos pueden ser consultados y tratados por el responsable o por terceros. Adicionalmente, seg\u00fan la entidad que las gestione, las cookies pueden clasificarse en propias o de tercero:<\/li>\n<\/ul>\n<ul>\n<li>Cookies propias: son aquellas que se env\u00edan al dispositivo terminal del usuario desde otro dispositivo o dominio gestionado por el editor\/responsable y desde el que se presta un servicio solicitado por el usuario. Es decir, como su nombre indica, las cookies propias se colocan en el dispositivo del usuario directamente por el sitio web que visita.<\/li>\n<li>Cookies de terceros: son las que se env\u00edan al usuario desde un dispositivo o dominio que no es gestionado por el editor\/responsable, sino por un tercero que trata los datos obtenidos a trav\u00e9s de las cookies. Por ejemplo, anunciantes, sistemas de an\u00e1lisis, etc. En cuanto a su finalidad, las cookies pueden ser:<\/li>\n<\/ul>\n<p>Cookies t\u00e9cnicas o necesarias: estas cookies son esenciales para que los usuarios naveguen por el sitio web y utilicen sus funciones, como identificar la sesi\u00f3n, acceder en \u00e1reas restringidas, prevenci\u00f3n de fraudes vinculados a la seguridad del servicio, contador de visitas a efectos de licencias de software, habilitar<\/p>\n<\/div>\n<\/div>\n<\/div>\n<div class=\"page\" title=\"Page 2\">\n<div class=\"layoutArea\">\n<div class=\"column\">\n<p>contenido din\u00e1mico, etc. Tambi\u00e9n son cookies t\u00e9cnicas aquellas cookies que permiten la gesti\u00f3n, de la forma m\u00e1s efectiva posible, de los espacios publicitarios que, como un elemento m\u00e1s de la maquetaci\u00f3n, se emplazan en la p\u00e1gina web, app o plataforma (siempre que no se recoja informaci\u00f3n de los usuarios con una finalidad distinta, como podr\u00eda ser la de personalizar el contenido publicitario).<\/p>\n<ul>\n<li>Cookies de preferencias o de funcionalidad: estas cookies permiten que un sitio web recuerde las elecciones que ha hecho el usuario en el pasado, como qu\u00e9 idioma prefiere, de qu\u00e9 regi\u00f3n le gustan los informes meteorol\u00f3gicos o cu\u00e1l es su nombre de usuario y contrase\u00f1a para iniciar sesi\u00f3n autom\u00e1ticamente.<\/li>\n<li>Cookies de estad\u00edsticas o de rendimiento: estas cookies recogen informaci\u00f3n sobre c\u00f3mo el usuario utiliza un sitio web, como por ejemplo, qu\u00e9 apartados ha visitado y en qu\u00e9 enlaces ha hecho clic, con el \u00fanico objetivo de mejorar las funciones del sitio web . No se trata de datos que puedan identificar a un usuario ya que son agregados y por tanto, an\u00f3nimos.<\/li>\n<li>Cookies publicitarias: estas cookies realizan un seguimiento de la actividad online del usuario para ayudar a los anunciantes a ofrecer la publicidad m\u00e1s relevante o para limitar el n\u00famero de veces que se ve un anuncio. Estas cookies pueden compartir esta informaci\u00f3n con otras organizaciones o anunciantes. Se trata de cookies persistentes y casi siempre de procedencia de terceros.<\/li>\n<\/ul>\n<\/div>\n<\/div>\n<\/div>\n<div class=\"page\" title=\"Page 4\">\n<div class=\"layoutArea\">\n<div class=\"column\">\n<h2>Revisi\u00f3n<br \/><strong><br \/><\/strong><\/h2>\n<div class=\"layoutArea\">\n<div class=\"column\">\n<p>Utilizado por el servicio de redes sociales, LinkedIn, para el seguimiento de la utilizaci\u00f3n de los servicios integrados. horas<\/p>\n<\/div>\n<\/div>\n<div class=\"layoutArea\">\n<div class=\"column\">\n<p>Esta lista se actualizar\u00e1 con la mayor celeridad posible a medida que cambien o evolucionen los servicios de la p\u00e1gina web ofrecidos en \u00e9ste.<\/p>\n<\/div>\n<\/div>\n<\/div>\n<\/div>\n<div class=\"layoutArea\">\n<div class=\"column\">\n<h2>\u00bfC\u00f3mo administrar las cookies desde el centro de preferencias o su navegador?<br \/><strong><br \/><\/strong><\/h2>\n<div class=\"layoutArea\">\n<div class=\"column\">\n<p>Puede configurar las cookies desde la plataforma de gesti\u00f3n del consentimiento <a href=\"https:\/\/progdev.pro\/#cookiesAndContentPolicySettings\">pinchando en este enlace de configuraci\u00f3n.<\/a><\/p>\n<\/div>\n<\/div>\n<p>El usuario puede permitir, bloquear o eliminar las cookies instaladas en tu equipo mediante la configuraci\u00f3n de las opciones del navegador instalado en tu ordenador. Por favor, lee atentamente la secci\u00f3n de ayuda de tu navegador para conocer m\u00e1s sobre c\u00f3mo activar el \u201cmodo privado\u201d o desbloquear determinadas cookies:<\/p>\n<p>Informaci\u00f3n sobre cookies para (https:\/\/support.microsoft.com\/es-es\/windows\/eliminar-y-administrar-cookies-168dab11-0753-043d-7c16- ede5947fc64d)<\/p>\n<p>Informaci\u00f3n sobre cookies para Mozilla Firefox. (https:\/\/support.mozilla.org\/es\/kb\/habilitar-y-deshabilitar-cookies-sitios-web-rastrear- preferencias?redirectslug=habilitar-y-deshabilitar-cookies-que-los-sitios- we&amp;redirectlocale=es )<\/p>\n<p>Informaci\u00f3n sobre cookies para Opera. ( https:\/\/help.opera.com\/en\/latest\/web- preferences\/#cookies)<\/p>\n<p>Informaci\u00f3n sobre cookies para Google Chrome. (https:\/\/support.google.com\/accounts\/answer\/61416?hl=es)<\/p>\n<p>Informaci\u00f3n sobre cookies para Safari. (https:\/\/support.apple.com\/es-es\/HT201265)<\/p>\n<\/div>\n<\/div>\n<\/div>\n<div class=\"page\" title=\"Page 5\">\n<div class=\"layoutArea\">\n<div class=\"column\">\n<p><strong>Notas Adicionales:<\/p>\n<p><\/strong><\/p>\n<ul>\n<li>Ni esta web ni sus representantes legales se hacen responsables ni del contenido ni de la veracidad de las pol\u00edticas de privacidad que puedan tener los terceros citados en esta pol\u00edtica de cookies.<\/li>\n<li>Los navegadores web son las herramientas encargadas de almacenar las cookies y desde este sitio debe efectuar su derecho a eliminaci\u00f3n o desactivaci\u00f3n de \u00e9stas. Ni esta web ni sus representantes legales pueden garantizar la correcta o incorrecta manipulaci\u00f3n de las cookies por parte de dichos navegadores.<\/li>\n<li>En algunos casos es necesario instalar cookies para que el navegador no olvide su decisi\u00f3n de no aceptaci\u00f3n de \u00e9stas. Para cualquier duda o consulta sobre esta pol\u00edtica de cookies no dude en comunicarse con nosotros a <span style=\"color: #03d87d;\">dpd@progdev.pro<\/span> .<\/li>\n<\/ul>\n<\/div>\n<\/div>\n<\/div>\n<\/div>\n<\/div>\n<\/div>\n<\/div>\n<\/div>\n<\/div>\n<\/div>\n<\/div>\n<\/div>\n<\/section>\n<\/div>\n<\/div>\n\t\t\t\t\t\t\t\t<\/div>\n\t\t\t\t<\/div>\n\t\t\t\t<\/div>\n\t\t\t\t\t<\/div>\n\t\t\t\t<\/div>\n\t\t\t\t\t<\/div>\n\t\t\t\t<\/div>\n\t\t<div class=\"elementor-element elementor-element-516aac0 e-flex e-con-boxed e-con e-parent\" data-id=\"516aac0\" data-element_type=\"container\">\n\t\t\t\t\t<div class=\"e-con-inner\">\n\t\t\t\t<div class=\"elementor-element elementor-element-e9d875b elementor-widget elementor-widget-spacer\" data-id=\"e9d875b\" data-element_type=\"widget\" data-settings=\"{&quot;htmega_fe&quot;:&quot;no&quot;}\" data-widget_type=\"spacer.default\">\n\t\t\t\t<div class=\"elementor-widget-container\">\n\t\t\t\t\t\t\t<div class=\"elementor-spacer\">\n\t\t\t<div class=\"elementor-spacer-inner\"><\/div>\n\t\t<\/div>\n\t\t\t\t\t\t<\/div>\n\t\t\t\t<\/div>\n\t\t\t\t\t<\/div>\n\t\t\t\t<\/div>\n\t\t\t\t<\/div>\n\t\t","protected":false},"excerpt":{"rendered":"<p>Pol\u00edtica de Cookies La presente P\u00e1gina Web utiliza cookies para mejorar la navegaci\u00f3n del usuario y actualizar su contenido. A continuaci\u00f3n, encontrar\u00e1 informaci\u00f3n sobre qu\u00e9 son las cookies, qu\u00e9 tipos de cookies existen, cu\u00e1les utilizamos en PROGDEV SLU c\u00f3mo puede configurar y desactivar las cookies en su navegador y c\u00f3mo desactivar espec\u00edficamente la instalaci\u00f3n de&hellip;<\/p>\n","protected":false},"author":1,"featured_media":0,"parent":0,"menu_order":55,"comment_status":"closed","ping_status":"closed","template":"elementor_header_footer","meta":{"_uf_show_specific_survey":0,"_uf_disable_surveys":false,"_joinchat":[],"footnotes":""},"class_list":["post-17107","page","type-page","status-publish","hentry"],"yoast_head":"<!-- This site is optimized with the Yoast SEO plugin v26.7 - https:\/\/yoast.com\/wordpress\/plugins\/seo\/ -->\n<title>Pol\u00edtica de Cookies - PROGDEV - Programaci\u00f3 a mida<\/title>\n<meta name=\"robots\" content=\"noindex, nofollow\" \/>\n<meta property=\"og:locale\" content=\"es_ES\" \/>\n<meta property=\"og:type\" content=\"article\" \/>\n<meta property=\"og:title\" content=\"Pol\u00edtica de Cookies - PROGDEV - Programaci\u00f3 a mida\" \/>\n<meta property=\"og:description\" content=\"Pol\u00edtica de Cookies La presente P\u00e1gina Web utiliza cookies para mejorar la navegaci\u00f3n del usuario y actualizar su contenido. A continuaci\u00f3n, encontrar\u00e1 informaci\u00f3n sobre qu\u00e9 son las cookies, qu\u00e9 tipos de cookies existen, cu\u00e1les utilizamos en PROGDEV SLU c\u00f3mo puede configurar y desactivar las cookies en su navegador y c\u00f3mo desactivar espec\u00edficamente la instalaci\u00f3n de&hellip;\" \/>\n<meta property=\"og:url\" content=\"https:\/\/progdev.pro\/es\/politica-de-cookies\/\" \/>\n<meta property=\"og:site_name\" content=\"PROGDEV - Programaci\u00f3 a mida\" \/>\n<meta property=\"article:modified_time\" content=\"2026-02-24T12:22:20+00:00\" \/>\n<meta name=\"twitter:card\" content=\"summary_large_image\" \/>\n<meta name=\"twitter:label1\" content=\"Tiempo de lectura\" \/>\n\t<meta name=\"twitter:data1\" content=\"6 minutos\" \/>\n<!-- \/ Yoast SEO plugin. -->","yoast_head_json":{"title":"Pol\u00edtica de Cookies - PROGDEV - Programaci\u00f3 a mida","robots":{"index":"noindex","follow":"nofollow"},"og_locale":"es_ES","og_type":"article","og_title":"Pol\u00edtica de Cookies - PROGDEV - Programaci\u00f3 a mida","og_description":"Pol\u00edtica de Cookies La presente P\u00e1gina Web utiliza cookies para mejorar la navegaci\u00f3n del usuario y actualizar su contenido. A continuaci\u00f3n, encontrar\u00e1 informaci\u00f3n sobre qu\u00e9 son las cookies, qu\u00e9 tipos de cookies existen, cu\u00e1les utilizamos en PROGDEV SLU c\u00f3mo puede configurar y desactivar las cookies en su navegador y c\u00f3mo desactivar espec\u00edficamente la instalaci\u00f3n de&hellip;","og_url":"https:\/\/progdev.pro\/es\/politica-de-cookies\/","og_site_name":"PROGDEV - Programaci\u00f3 a mida","article_modified_time":"2026-02-24T12:22:20+00:00","twitter_card":"summary_large_image","twitter_misc":{"Tiempo de lectura":"6 minutos"},"schema":{"@context":"https:\/\/schema.org","@graph":[{"@type":"WebPage","@id":"https:\/\/progdev.pro\/es\/politica-de-cookies\/","url":"https:\/\/progdev.pro\/es\/politica-de-cookies\/","name":"Pol\u00edtica de Cookies - PROGDEV - Programaci\u00f3 a mida","isPartOf":{"@id":"https:\/\/progdev.pro\/es\/#website"},"datePublished":"2024-02-26T09:15:31+00:00","dateModified":"2026-02-24T12:22:20+00:00","breadcrumb":{"@id":"https:\/\/progdev.pro\/es\/politica-de-cookies\/#breadcrumb"},"inLanguage":"es","potentialAction":[{"@type":"ReadAction","target":["https:\/\/progdev.pro\/es\/politica-de-cookies\/"]}]},{"@type":"BreadcrumbList","@id":"https:\/\/progdev.pro\/es\/politica-de-cookies\/#breadcrumb","itemListElement":[{"@type":"ListItem","position":1,"name":"Home","item":"https:\/\/progdev.pro\/es\/"},{"@type":"ListItem","position":2,"name":"Pol\u00edtica de Cookies"}]},{"@type":"WebSite","@id":"https:\/\/progdev.pro\/es\/#website","url":"https:\/\/progdev.pro\/es\/","name":"PROGDEV - Programaci\u00f3 a mida","description":"Confeccionem programes a mida, adaptats a les necessitats de la vostra organitzaci\u00f3. Tot el que us podeu imaginar es pot programar.","publisher":{"@id":"https:\/\/progdev.pro\/es\/#organization"},"potentialAction":[{"@type":"SearchAction","target":{"@type":"EntryPoint","urlTemplate":"https:\/\/progdev.pro\/es\/?s={search_term_string}"},"query-input":{"@type":"PropertyValueSpecification","valueRequired":true,"valueName":"search_term_string"}}],"inLanguage":"es"},{"@type":"Organization","@id":"https:\/\/progdev.pro\/es\/#organization","name":"PROGDEV - Programaci\u00f3 a mida","url":"https:\/\/progdev.pro\/es\/","logo":{"@type":"ImageObject","inLanguage":"es","@id":"https:\/\/progdev.pro\/es\/#\/schema\/logo\/image\/","url":"https:\/\/progdev.pro\/wp-content\/uploads\/2024\/04\/cropped-Progdev_ICON-1.png","contentUrl":"https:\/\/progdev.pro\/wp-content\/uploads\/2024\/04\/cropped-Progdev_ICON-1.png","width":512,"height":512,"caption":"PROGDEV - Programaci\u00f3 a mida"},"image":{"@id":"https:\/\/progdev.pro\/es\/#\/schema\/logo\/image\/"}}]}},"_links":{"self":[{"href":"https:\/\/progdev.pro\/es\/wp-json\/wp\/v2\/pages\/17107","targetHints":{"allow":["GET"]}}],"collection":[{"href":"https:\/\/progdev.pro\/es\/wp-json\/wp\/v2\/pages"}],"about":[{"href":"https:\/\/progdev.pro\/es\/wp-json\/wp\/v2\/types\/page"}],"author":[{"embeddable":true,"href":"https:\/\/progdev.pro\/es\/wp-json\/wp\/v2\/users\/1"}],"replies":[{"embeddable":true,"href":"https:\/\/progdev.pro\/es\/wp-json\/wp\/v2\/comments?post=17107"}],"version-history":[{"count":5,"href":"https:\/\/progdev.pro\/es\/wp-json\/wp\/v2\/pages\/17107\/revisions"}],"predecessor-version":[{"id":17117,"href":"https:\/\/progdev.pro\/es\/wp-json\/wp\/v2\/pages\/17107\/revisions\/17117"}],"wp:attachment":[{"href":"https:\/\/progdev.pro\/es\/wp-json\/wp\/v2\/media?parent=17107"}],"curies":[{"name":"wp","href":"https:\/\/api.w.org\/{rel}","templated":true}]}}