{"id":17122,"date":"2024-03-18T17:12:54","date_gmt":"2024-03-18T16:12:54","guid":{"rendered":"https:\/\/progdev.pro\/politica-de-privacidad\/"},"modified":"2025-12-12T10:30:26","modified_gmt":"2025-12-12T09:30:26","slug":"politica-de-privacidad","status":"publish","type":"page","link":"https:\/\/progdev.pro\/es\/politica-de-privacidad\/","title":{"rendered":"Pol\u00edtica de Privacidad"},"content":{"rendered":"\t\t<div data-elementor-type=\"wp-page\" data-elementor-id=\"17122\" class=\"elementor elementor-17122 elementor-14141\" data-elementor-post-type=\"page\">\n\t\t\t\t\t\t<section class=\"elementor-section elementor-top-section elementor-element elementor-element-8b23f5b elementor-section-boxed elementor-section-height-default elementor-section-height-default\" data-id=\"8b23f5b\" data-element_type=\"section\" id=\"Demo\" data-settings=\"{&quot;background_background&quot;:&quot;gradient&quot;}\">\n\t\t\t\t\t\t\t<div class=\"elementor-background-overlay\"><\/div>\n\t\t\t\t\t\t\t<div class=\"elementor-container elementor-column-gap-wider\">\n\t\t\t\t\t<div class=\"elementor-column elementor-col-100 elementor-top-column elementor-element elementor-element-3e0731a\" data-id=\"3e0731a\" data-element_type=\"column\" data-settings=\"{&quot;background_background&quot;:&quot;classic&quot;}\">\n\t\t\t<div class=\"elementor-widget-wrap elementor-element-populated\">\n\t\t\t\t\t<div class=\"elementor-background-overlay\"><\/div>\n\t\t\t\t\t\t<div class=\"elementor-element elementor-element-80ecf96 elementor-widget elementor-widget-spacer\" data-id=\"80ecf96\" data-element_type=\"widget\" data-settings=\"{&quot;htmega_fe&quot;:&quot;no&quot;}\" data-widget_type=\"spacer.default\">\n\t\t\t\t<div class=\"elementor-widget-container\">\n\t\t\t\t\t\t\t<div class=\"elementor-spacer\">\n\t\t\t<div class=\"elementor-spacer-inner\"><\/div>\n\t\t<\/div>\n\t\t\t\t\t\t<\/div>\n\t\t\t\t<\/div>\n\t\t\t\t<div class=\"elementor-element elementor-element-ee4f0dc elementor-widget elementor-widget-heading\" data-id=\"ee4f0dc\" data-element_type=\"widget\" data-settings=\"{&quot;htmega_fe&quot;:&quot;no&quot;}\" data-widget_type=\"heading.default\">\n\t\t\t\t<div class=\"elementor-widget-container\">\n\t\t\t\t\t<h4 class=\"elementor-heading-title elementor-size-default\">Pol\u00edtica de Privacidad<\/h4>\t\t\t\t<\/div>\n\t\t\t\t<\/div>\n\t\t\t\t<div class=\"elementor-element elementor-element-191e42e elementor-widget elementor-widget-spacer\" data-id=\"191e42e\" data-element_type=\"widget\" data-settings=\"{&quot;htmega_fe&quot;:&quot;no&quot;}\" data-widget_type=\"spacer.default\">\n\t\t\t\t<div class=\"elementor-widget-container\">\n\t\t\t\t\t\t\t<div class=\"elementor-spacer\">\n\t\t\t<div class=\"elementor-spacer-inner\"><\/div>\n\t\t<\/div>\n\t\t\t\t\t\t<\/div>\n\t\t\t\t<\/div>\n\t\t\t\t<div class=\"elementor-element elementor-element-bdaa56b elementor-widget elementor-widget-spacer\" data-id=\"bdaa56b\" data-element_type=\"widget\" data-settings=\"{&quot;htmega_fe&quot;:&quot;no&quot;}\" data-widget_type=\"spacer.default\">\n\t\t\t\t<div class=\"elementor-widget-container\">\n\t\t\t\t\t\t\t<div class=\"elementor-spacer\">\n\t\t\t<div class=\"elementor-spacer-inner\"><\/div>\n\t\t<\/div>\n\t\t\t\t\t\t<\/div>\n\t\t\t\t<\/div>\n\t\t\t\t\t<\/div>\n\t\t<\/div>\n\t\t\t\t\t<\/div>\n\t\t<\/section>\n\t\t<div class=\"elementor-element elementor-element-76ca2ab e-flex e-con-boxed e-con e-parent\" data-id=\"76ca2ab\" data-element_type=\"container\">\n\t\t\t\t\t<div class=\"e-con-inner\">\n\t\t<div class=\"elementor-element elementor-element-dc3f484 e-flex e-con-boxed e-con e-child\" data-id=\"dc3f484\" data-element_type=\"container\">\n\t\t\t\t\t<div class=\"e-con-inner\">\n\t\t<div class=\"elementor-element elementor-element-f0ef711 e-flex e-con-boxed e-con e-child\" data-id=\"f0ef711\" data-element_type=\"container\">\n\t\t\t\t\t<div class=\"e-con-inner\">\n\t\t\t\t<div class=\"elementor-element elementor-element-f47cf7c elementor-widget elementor-widget-text-editor\" data-id=\"f47cf7c\" data-element_type=\"widget\" data-settings=\"{&quot;htmega_fe&quot;:&quot;no&quot;}\" data-widget_type=\"text-editor.default\">\n\t\t\t\t<div class=\"elementor-widget-container\">\n\t\t\t\t\t\t\t\t\t<hr><p style=\"text-align: center;\">Responsable del tratamiento<\/p><p style=\"text-align: center;\"><span style=\"color: #03d87d;\"><strong>PROGDEV SLU<\/strong><\/span> , sociedad con domicilio en Calle Prat de la Cruz 59-65, Escalera B primera planta despacho 2BC, AD500 &#8211; Andorra la Vella, es el responsable del tratamiento de sus datos personales. En la presente pol\u00edtica de privacidad se facilita informaci\u00f3n relativa al tratamiento de los datos personales de nuestros clientes, potenciales clientes, usuarios que nos contactan a trav\u00e9s de cualquier formulario de la web, siguiendo lo estipulado por la ley 29\/20221, de 28 d octubre, calificada de datos personales (LQPD) y del Reglamento General de Protecci\u00f3n de Datos (RGPD).<\/p><hr class=\"the7-p-gap\" style=\"padding-bottom: 40px;\"><h2 style=\"text-align: center;\">Finalidades y bases de legitimaci\u00f3n<\/h2><p style=\"text-align: center;\">Tratamiento de datos de representantes de clientes, empresarios individuales o profesionales liberales<\/p><p style=\"text-align: center;\">Si eres cliente de <span style=\"color: #03d87d;\"><strong>PROGDEV SLU<\/strong><\/span> , porque has aceptado una propuesta de servicios profesionales de nuestros servicios o has realizado adquirido producto de <span style=\"color: #03d87d;\"><strong>PROGDEV SLU<\/strong><\/span> , trataremos tus datos seg\u00fan lo indicado a continuaci\u00f3n:<\/p><p style=\"text-align: center;\">Finalidad del tratamiento: Tratamos tus datos para mantener, cumplir, desarrollar, controlar y ejecutar la relaci\u00f3n contractual que mantenemos con la empresa que representas, cliente de <span style=\"color: #03d87d;\"><strong>PROGDEV SLU<\/strong><\/span> , o contigo, si eres empresario individual o profesional liberal.<\/p><p style=\"text-align: center;\">Base legal del tratamiento: Tenemos un inter\u00e9s leg\u00edtimo en tratar tus datos como punto de contacto de un cliente de <span style=\"color: #03d87d;\"><strong>PROGDEV SLU<\/strong><\/span> .<\/p><hr class=\"the7-p-gap\" style=\"padding-bottom: 40px;\"><h2 style=\"text-align: center;\">Tratamiento de datos por contacto a trav\u00e9s del formulario o email<\/h2><p style=\"text-align: center;\">En caso de que hayas facilitado tus datos a trav\u00e9s del formulario web de contacto de <span style=\"color: #03d87d;\"><strong>PROGDEV SLU<\/strong><\/span> para formular alguna pregunta o ponerte en contacto con nosotros, trataremos tus datos seg\u00fan lo indicado a continuaci\u00f3n:<\/p><p style=\"text-align: center;\">Finalidad del tratamiento: Tratamos tus datos para darte asistencia y atenderte tanto si eres cliente, como potencial cliente de <span style=\"color: #03d87d;\"><strong>PROGDEV SLU<\/strong><\/span> .<\/p><p style=\"text-align: center;\">Base legal del tratamiento: <span style=\"color: #03d87d;\"><strong>PROGDEV SLU<\/strong><\/span> tiene un inter\u00e9s leg\u00edtimo en asistir y contestar a cualquier cliente o potencial cliente que plantee una cuesti\u00f3n a trav\u00e9s de uno de nuestros formularios.<\/p><hr class=\"the7-p-gap\" style=\"padding-bottom: 40px;\"><h2 style=\"text-align: center;\">Tratamiento de datos de candidatos que env\u00eden su curr\u00edculum a trav\u00e9s de email o formulario web<\/h2><div class=\"page\" style=\"text-align: center;\" title=\"Page 1\"><div class=\"layoutArea\"><div class=\"column\"><p>Si eres un candidato a empleo en <span style=\"color: #03d87d;\"><strong>PROGDEV SLU<\/strong><\/span> y nos has enviado tu curr\u00edculum a trav\u00e9s de correo electr\u00f3nico, trataremos tus datos seg\u00fan lo indicado a continuaci\u00f3n:<\/p><p>Finalidad del tratamiento: Tratamos tus datos para estudiar tu candidatura, presente o futura, en un puesto de trabajo en <span style=\"color: #03d87d;\"><strong>PROGDEV SLU<\/strong><\/span><\/p><p>Base legal del tratamiento: <span style=\"color: #03d87d;\"><strong>PROGDEV SLU<\/strong><\/span> tu consentimiento al enviar de forma voluntaria tu curr\u00edculum.<\/p><\/div><\/div><\/div><div class=\"page\" style=\"text-align: center;\" title=\"Page 2\"><div class=\"layoutArea\"><div class=\"column\"><p>Sus datos, no se comunicar\u00e1n ni ser\u00e1n cedidos a terceros salvo que exista alguna obligaci\u00f3n legal. S\u00f3lo tendr\u00e1n acceso a sus datos personales nuestros proveedores de servicios tecnol\u00f3gicos que se contraten servicios auxiliares, \u00e9stos act\u00faan como encargados de tratamiento, y se habr\u00e1n comprometido al cumplimiento de las disposiciones normativas de aplicaci\u00f3n en materia de protecci\u00f3n de datos, en el momento de su contrataci\u00f3n.<\/p><\/div><\/div><div class=\"layoutArea\"><div class=\"column\"><p>Le informamos que, no se prev\u00e9 realizar transferencias internacionales salvo con fines de almacenamiento, en todo caso en base a la existencia de una decisi\u00f3n de adecuaci\u00f3n y\/o garant\u00edas adecuadas, cl\u00e1usulas contractuales tipo, normas corporativas vinculantes y\/ o solicitud de certificaciones o c\u00f3digos de conducta aprobados y reconocidos.<\/p><\/div><\/div><\/div><hr class=\"the7-p-gap\" style=\"padding-bottom: 40px;\"><h1 class=\"text-2xl font-bold mt-1 text-text-100\" style=\"text-align: center;\">Pol\u00edtica de Privacidad para Integraci\u00f3n con Google<\/h1><h2 class=\"text-xl font-bold text-text-100 mt-1 -mb-0.5\" style=\"text-align: center;\">Uso de la API de Gmail<\/h2><p class=\"whitespace-normal break-words\" style=\"text-align: center;\">PROGDEV SLU utiliza la API de Gmail de Google para proporcionar funcionalidades de env\u00edo de correos electr\u00f3nicos en nombre de los usuarios. A continuaci\u00f3n se especifican las condiciones de este tratamiento: <\/p><h3 class=\"text-lg font-bold text-text-100 mt-1 -mb-1.5\" style=\"text-align: center;\">Scope utilizado<\/h3><p class=\"whitespace-normal break-words\" style=\"text-align: center;\"><strong>gmail.send<\/strong> : Este scope permite a la aplicaci\u00f3n enviar correos electr\u00f3nicos en nombre del usuario utilizando su cuenta de Gmail.<\/p><h3 class=\"text-lg font-bold text-text-100 mt-1 -mb-1.5\" style=\"text-align: center;\">Finalidad del tratamiento<\/h3><ul class=\"[&amp;:not(:last-child)_ul]:pb-1 [&amp;:not(:last-child)_ol]:pb-1 list-disc space-y-1.5 pl-7\" style=\"text-align: center;\"><li class=\"whitespace-normal break-words\"><strong>Env\u00edo de correos electr\u00f3nicos<\/strong> : Utilizamos este scope exclusivamente para enviar correos electr\u00f3nicos que el usuario ha solicitado expresamente a trav\u00e9s de nuestra aplicaci\u00f3n.<\/li><li class=\"whitespace-normal break-words\"><strong>Funcionalidad del servicio<\/strong> : El acceso se limita estrictamente a permitir que el usuario pueda enviar correos desde nuestra plataforma utilizando su cuenta de Gmail.<\/li><\/ul><h3 class=\"text-lg font-bold text-text-100 mt-1 -mb-1.5\" style=\"text-align: center;\">Base legal del tratamiento<\/h3><p class=\"whitespace-normal break-words\" style=\"text-align: center;\">El tratamiento se basa en el consentimiento expreso del usuario, que se otorga cuando autoriza la aplicaci\u00f3n a acceder a su cuenta de Gmail mediante el proceso de autenticaci\u00f3n OAuth de Google.<\/p><h3 class=\"text-lg font-bold text-text-100 mt-1 -mb-1.5\" style=\"text-align: center;\">Datos accesibles<\/h3><p class=\"whitespace-normal break-words\" style=\"text-align: center;\">Con el scope<code class=\"bg-text-200\/5 border border-0.5 border-border-300 text-danger-000 whitespace-pre-wrap rounded-[0.4rem] px-1 py-px text-[0.9rem]\">gmail.send<\/code> , PROGDEV SLU:<\/p><ul class=\"[&amp;:not(:last-child)_ul]:pb-1 [&amp;:not(:last-child)_ol]:pb-1 list-disc space-y-1.5 pl-7\" style=\"text-align: center;\"><li class=\"whitespace-normal break-words\"><strong>Puede<\/strong> : Enviar correos electr\u00f3nicos en nombre del usuario<\/li><li class=\"whitespace-normal break-words\"><strong>No puede<\/strong> : Leer, modificar o eliminar correos existentes de la cuenta del usuario<\/li><li class=\"whitespace-normal break-words\"><strong>No puede<\/strong> : Acceder a la bandeja de entrada, enviados o cualquier otra carpeta de correos<\/li><li class=\"whitespace-normal break-words\"><strong>No puede<\/strong> : Acceder a contactos u otra informaci\u00f3n de la cuenta<\/li><\/ul><h3 class=\"text-lg font-bold text-text-100 mt-1 -mb-1.5\" style=\"text-align: center;\">Almacenamiento y conservaci\u00f3n<\/h3><ul class=\"[&amp;:not(:last-child)_ul]:pb-1 [&amp;:not(:last-child)_ol]:pb-1 list-disc space-y-1.5 pl-7\" style=\"text-align: center;\"><li class=\"whitespace-normal break-words\">PROGDEV SLU no almacena permanentemente el contenido de los correos enviados a trav\u00e9s del servicio<\/li><li class=\"whitespace-normal break-words\">Los tokens de acceso se conservan s\u00f3lo mientras sean necesarios para proporcionar el servicio<\/li><li class=\"whitespace-normal break-words\">El usuario puede revocar el acceso en cualquier momento a trav\u00e9s de la configuraci\u00f3n de su cuenta de Google<\/li><\/ul><h3 class=\"text-lg font-bold text-text-100 mt-1 -mb-1.5\" style=\"text-align: center;\">Compartici\u00f3n con terceros<\/h3><p class=\"whitespace-normal break-words\" style=\"text-align: center;\">Los datos tratados mediante la API de Gmail no se comparten con terceros, salvo cuando sea necesario para el funcionamiento t\u00e9cnico del servicio (por ejemplo, con Google para efectuar el env\u00edo).<\/p><h3 class=\"text-lg font-bold text-text-100 mt-1 -mb-1.5\" style=\"text-align: center;\">Revocaci\u00f3n del consentimiento<\/h3><p class=\"whitespace-normal break-words\" style=\"text-align: center;\">El usuario puede revocar el consentimiento y el acceso a su cuenta de Gmail en cualquier momento:<\/p><ul class=\"[&amp;:not(:last-child)_ul]:pb-1 [&amp;:not(:last-child)_ol]:pb-1 list-disc space-y-1.5 pl-7\" style=\"text-align: center;\"><li class=\"whitespace-normal break-words\">A trav\u00e9s de la configuraci\u00f3n de nuestra aplicaci\u00f3n<\/li><li class=\"whitespace-normal break-words\">Directamente desde la configuraci\u00f3n de seguridad de su cuenta de Google en <a class=\"underline\" href=\"https:\/\/myaccount.google.com\">myaccount.google.com<\/a><\/li><\/ul><h3 class=\"text-lg font-bold text-text-100 mt-1 -mb-1.5\" style=\"text-align: center;\">Cumplimiento de las pol\u00edticas de Google<\/h3><p class=\"whitespace-normal break-words\" style=\"text-align: center;\">PROGDEV SLU se compromete a cumplir con:<\/p><ul class=\"[&amp;:not(:last-child)_ul]:pb-1 [&amp;:not(:last-child)_ol]:pb-1 list-disc space-y-1.5 pl-7\" style=\"text-align: center;\"><li class=\"whitespace-normal break-words\">Las Pol\u00edticas de API de Google<\/li><li class=\"whitespace-normal break-words\">Los T\u00e9rminos de Servicio de la API de Gmail<\/li><li class=\"whitespace-normal break-words\">Los Requisitos de Divulgaci\u00f3n Limitada de Datos de Usuario de Google<\/li><\/ul><h2 style=\"text-align: center;\">Conservaci\u00f3n de los datos<\/h2><p style=\"text-align: center;\">El plazo de conservaci\u00f3n de los datos ser\u00e1 el m\u00ednimo legal establecido y, en los caos que corresponda, hasta que no retire su consentimiento.<\/p><p style=\"text-align: center;\"><span style=\"color: #03d87d;\"><strong>PROGDEV SLU<\/strong><\/span> , no utiliza m\u00e9todos de elaboraci\u00f3n de perfiles ni realiza decisiones automatizadas.<\/p><hr class=\"the7-p-gap\" style=\"padding-bottom: 40px;\"><h2 style=\"text-align: center;\">Confidencialidad y medidas de seguridad<\/h2><p style=\"text-align: center;\">Los datos de car\u00e1cter personal que se puedan recoger directamente del interesado ser\u00e1n tratados de forma confidencial y quedar\u00e1n incorporados a la correspondiente actividad de tratamiento titularidad de <span style=\"color: #03d87d;\"><strong>PROGDEV SLU<\/strong><\/span> .<\/p><p style=\"text-align: center;\">En cumplimiento de la normativa vigente, la empresa garantiza que ha adoptado todas las medidas t\u00e9cnicas y organizativas necesarias para mantener el nivel de seguridad requerido en atenci\u00f3n a la naturaleza de los datos personales tratados. La empresa pone de manifiesto su compromiso con la protecci\u00f3n de los datos personales y la privacidad de los usuarios, y lleva a cabo las medidas de seguridad t\u00e9cnicas y organizativas que tiene a su alcance para salvaguardar su informaci\u00f3n<\/p><hr class=\"the7-p-gap\" style=\"padding-bottom: 40px;\"><h2 style=\"text-align: center;\">Veracidad y actualizaci\u00f3n de sus datos<\/h2><p style=\"text-align: center;\">Declara que todos los datos aportados por usted mismo son l\u00edcitos, adecuados, pertinentes, exactos y, si fuera necesario, actualizados. La aportaci\u00f3n de datos que no cumplieran los requisitos mencionados con anterioridad eximir\u00e1 de responsabilidad a <span style=\"color: #03d87d;\"><strong>PROGDEV SLU<\/strong><\/span> .<\/p><hr class=\"the7-p-gap\" style=\"padding-bottom: 40px;\"><h2 style=\"text-align: center;\">Derechos de las personas interesadas<\/h2><div class=\"page\" style=\"text-align: center;\" title=\"Page 2\"><div class=\"layoutArea\"><div class=\"column\"><p>La normativa vigente le otorga los siguientes derechos derecho de acceso, rectificaci\u00f3n supresi\u00f3n y oposici\u00f3n de sus datos personales:<\/p><p>Derecho de acceso: derecho de acceso a tus datos personales para saber cu\u00e1les est\u00e1n siendo objeto de tratamiento y las operaciones de tratamiento llevadas a cabo con ellos.<\/p><p>Derecho de rectificaci\u00f3n: derecho a poder rectificar o completar cualquier dato que sea inexacto o incompleto.<\/p><p>Derecho de supresi\u00f3n: derecho a solicitar que tus datos personales sean suprimidos de nuestros sistemas y archivos, cuando esto sea posible.<\/p><p>Derecho de oposici\u00f3n: derecho de oposici\u00f3n al tratamiento de tus datos personales, cuando sus datos no han sido facilitados directamente por usted.<\/p><\/div><\/div><\/div><div class=\"page\" title=\"Page 3\"><div class=\"layoutArea\"><div class=\"column\"><p style=\"text-align: center;\">Derecho de limitaci\u00f3n del tratamiento: derecho a solicitar la limitaci\u00f3n del tratamiento cuando \u00e9stas no sean exactas. Cuando no hayan sido facilitadas por usted y te opongas a su supresi\u00f3n y solicites en su lugar la limitaci\u00f3n de uso. Cuando los datos ya no sean necesarios para el tratamiento, pero los necesites para su formulaci\u00f3n el ejercicio o la defensa de reclamaciones. Cuando te hayas opuesto al tratamiento, mientras verificamos que el inter\u00e9s leg\u00edtimo de Ciudadanos Comprometidos Generales es v\u00e1lido conforme a la normativa.<\/p><p style=\"text-align: center;\">Derecho a portabilidad: cuando el tratamiento se efect\u00faa por medios automatizados, tienes derecho a solicitar que tus datos personales sean comunicados a otro responsable del tratamiento.<\/p><p style=\"text-align: center;\">Podr\u00e1s ejercer todos los derechos indicados de forma gratuita, bien: escribiendo un email a la direcci\u00f3n de correo electr\u00f3nico <span style=\"color: #03d87d;\"><strong>dpd@progdev.pro<\/strong><\/span> o contactando por correo postal en Calle Prat de la Cruz 59-65, Escalera B, Primera planta despacho 2BC, AD500 Andorra la Vella. Deber\u00e1s especificar qu\u00e9 derecho deseas ejercitar, as\u00ed como tus datos identificativos. En caso de que, para verificar tu identidad, necesitamos datos adicionales a los que nos facilites, te lo haremos saber. Puede interponer una reclamaci\u00f3n ante la Agencia Andorrana de Protecci\u00f3n de Datos.<\/p><\/div><\/div><\/div>\t\t\t\t\t\t\t\t<\/div>\n\t\t\t\t<\/div>\n\t\t\t\t\t<\/div>\n\t\t\t\t<\/div>\n\t\t\t\t\t<\/div>\n\t\t\t\t<\/div>\n\t\t\t\t\t<\/div>\n\t\t\t\t<\/div>\n\t\t<div class=\"elementor-element elementor-element-516aac0 e-flex e-con-boxed e-con e-parent\" data-id=\"516aac0\" data-element_type=\"container\">\n\t\t\t\t\t<div class=\"e-con-inner\">\n\t\t\t\t<div class=\"elementor-element elementor-element-e9d875b elementor-widget elementor-widget-spacer\" data-id=\"e9d875b\" data-element_type=\"widget\" data-settings=\"{&quot;htmega_fe&quot;:&quot;no&quot;}\" data-widget_type=\"spacer.default\">\n\t\t\t\t<div class=\"elementor-widget-container\">\n\t\t\t\t\t\t\t<div class=\"elementor-spacer\">\n\t\t\t<div class=\"elementor-spacer-inner\"><\/div>\n\t\t<\/div>\n\t\t\t\t\t\t<\/div>\n\t\t\t\t<\/div>\n\t\t\t\t\t<\/div>\n\t\t\t\t<\/div>\n\t\t\t\t<\/div>\n\t\t","protected":false},"excerpt":{"rendered":"<p>Pol\u00edtica de Privacidad Responsable del tratamiento PROGDEV SLU , sociedad con domicilio en Calle Prat de la Cruz 59-65, Escalera B primera planta despacho 2BC, AD500 &#8211; Andorra la Vella, es el responsable del tratamiento de sus datos personales. En la presente pol\u00edtica de privacidad se facilita informaci\u00f3n relativa al tratamiento de los datos personales&hellip;<\/p>\n","protected":false},"author":1,"featured_media":0,"parent":0,"menu_order":56,"comment_status":"closed","ping_status":"closed","template":"elementor_header_footer","meta":{"_uf_show_specific_survey":0,"_uf_disable_surveys":false,"_joinchat":[],"footnotes":""},"class_list":["post-17122","page","type-page","status-publish","hentry"],"yoast_head":"<!-- This site is optimized with the Yoast SEO plugin v26.7 - https:\/\/yoast.com\/wordpress\/plugins\/seo\/ -->\n<title>Pol\u00edtica de Privacidad - PROGDEV - Programaci\u00f3 a mida<\/title>\n<meta name=\"robots\" content=\"noindex, nofollow\" \/>\n<meta property=\"og:locale\" content=\"es_ES\" \/>\n<meta property=\"og:type\" content=\"article\" \/>\n<meta property=\"og:title\" content=\"Pol\u00edtica de Privacidad - PROGDEV - Programaci\u00f3 a mida\" \/>\n<meta property=\"og:description\" content=\"Pol\u00edtica de Privacidad Responsable del tratamiento PROGDEV SLU , sociedad con domicilio en Calle Prat de la Cruz 59-65, Escalera B primera planta despacho 2BC, AD500 &#8211; Andorra la Vella, es el responsable del tratamiento de sus datos personales. En la presente pol\u00edtica de privacidad se facilita informaci\u00f3n relativa al tratamiento de los datos personales&hellip;\" \/>\n<meta property=\"og:url\" content=\"https:\/\/progdev.pro\/es\/politica-de-privacidad\/\" \/>\n<meta property=\"og:site_name\" content=\"PROGDEV - Programaci\u00f3 a mida\" \/>\n<meta property=\"article:modified_time\" content=\"2025-12-12T09:30:26+00:00\" \/>\n<meta name=\"twitter:card\" content=\"summary_large_image\" \/>\n<meta name=\"twitter:label1\" content=\"Tiempo de lectura\" \/>\n\t<meta name=\"twitter:data1\" content=\"7 minutos\" \/>\n<!-- \/ Yoast SEO plugin. -->","yoast_head_json":{"title":"Pol\u00edtica de Privacidad - PROGDEV - Programaci\u00f3 a mida","robots":{"index":"noindex","follow":"nofollow"},"og_locale":"es_ES","og_type":"article","og_title":"Pol\u00edtica de Privacidad - PROGDEV - Programaci\u00f3 a mida","og_description":"Pol\u00edtica de Privacidad Responsable del tratamiento PROGDEV SLU , sociedad con domicilio en Calle Prat de la Cruz 59-65, Escalera B primera planta despacho 2BC, AD500 &#8211; Andorra la Vella, es el responsable del tratamiento de sus datos personales. En la presente pol\u00edtica de privacidad se facilita informaci\u00f3n relativa al tratamiento de los datos personales&hellip;","og_url":"https:\/\/progdev.pro\/es\/politica-de-privacidad\/","og_site_name":"PROGDEV - Programaci\u00f3 a mida","article_modified_time":"2025-12-12T09:30:26+00:00","twitter_card":"summary_large_image","twitter_misc":{"Tiempo de lectura":"7 minutos"},"schema":{"@context":"https:\/\/schema.org","@graph":[{"@type":"WebPage","@id":"https:\/\/progdev.pro\/es\/politica-de-privacidad\/","url":"https:\/\/progdev.pro\/es\/politica-de-privacidad\/","name":"Pol\u00edtica de Privacidad - PROGDEV - Programaci\u00f3 a mida","isPartOf":{"@id":"https:\/\/progdev.pro\/es\/#website"},"datePublished":"2024-03-18T16:12:54+00:00","dateModified":"2025-12-12T09:30:26+00:00","breadcrumb":{"@id":"https:\/\/progdev.pro\/es\/politica-de-privacidad\/#breadcrumb"},"inLanguage":"es","potentialAction":[{"@type":"ReadAction","target":["https:\/\/progdev.pro\/es\/politica-de-privacidad\/"]}]},{"@type":"BreadcrumbList","@id":"https:\/\/progdev.pro\/es\/politica-de-privacidad\/#breadcrumb","itemListElement":[{"@type":"ListItem","position":1,"name":"Home","item":"https:\/\/progdev.pro\/es\/"},{"@type":"ListItem","position":2,"name":"Pol\u00edtica de Privacidad"}]},{"@type":"WebSite","@id":"https:\/\/progdev.pro\/es\/#website","url":"https:\/\/progdev.pro\/es\/","name":"PROGDEV - Programaci\u00f3 a mida","description":"Confeccionem programes a mida, adaptats a les necessitats de la vostra organitzaci\u00f3. Tot el que us podeu imaginar es pot programar.","publisher":{"@id":"https:\/\/progdev.pro\/es\/#organization"},"potentialAction":[{"@type":"SearchAction","target":{"@type":"EntryPoint","urlTemplate":"https:\/\/progdev.pro\/es\/?s={search_term_string}"},"query-input":{"@type":"PropertyValueSpecification","valueRequired":true,"valueName":"search_term_string"}}],"inLanguage":"es"},{"@type":"Organization","@id":"https:\/\/progdev.pro\/es\/#organization","name":"PROGDEV - Programaci\u00f3 a mida","url":"https:\/\/progdev.pro\/es\/","logo":{"@type":"ImageObject","inLanguage":"es","@id":"https:\/\/progdev.pro\/es\/#\/schema\/logo\/image\/","url":"https:\/\/progdev.pro\/wp-content\/uploads\/2024\/04\/cropped-Progdev_ICON-1.png","contentUrl":"https:\/\/progdev.pro\/wp-content\/uploads\/2024\/04\/cropped-Progdev_ICON-1.png","width":512,"height":512,"caption":"PROGDEV - Programaci\u00f3 a mida"},"image":{"@id":"https:\/\/progdev.pro\/es\/#\/schema\/logo\/image\/"}}]}},"_links":{"self":[{"href":"https:\/\/progdev.pro\/es\/wp-json\/wp\/v2\/pages\/17122","targetHints":{"allow":["GET"]}}],"collection":[{"href":"https:\/\/progdev.pro\/es\/wp-json\/wp\/v2\/pages"}],"about":[{"href":"https:\/\/progdev.pro\/es\/wp-json\/wp\/v2\/types\/page"}],"author":[{"embeddable":true,"href":"https:\/\/progdev.pro\/es\/wp-json\/wp\/v2\/users\/1"}],"replies":[{"embeddable":true,"href":"https:\/\/progdev.pro\/es\/wp-json\/wp\/v2\/comments?post=17122"}],"version-history":[{"count":7,"href":"https:\/\/progdev.pro\/es\/wp-json\/wp\/v2\/pages\/17122\/revisions"}],"predecessor-version":[{"id":26016,"href":"https:\/\/progdev.pro\/es\/wp-json\/wp\/v2\/pages\/17122\/revisions\/26016"}],"wp:attachment":[{"href":"https:\/\/progdev.pro\/es\/wp-json\/wp\/v2\/media?parent=17122"}],"curies":[{"name":"wp","href":"https:\/\/api.w.org\/{rel}","templated":true}]}}