{"id":17129,"date":"2024-03-21T10:48:19","date_gmt":"2024-03-21T09:48:19","guid":{"rendered":"https:\/\/progdev.pro\/soporte-tecnico\/"},"modified":"2026-01-30T08:57:07","modified_gmt":"2026-01-30T07:57:07","slug":"servicio-tecnico","status":"publish","type":"page","link":"https:\/\/progdev.pro\/es\/servicio-tecnico\/","title":{"rendered":"Soporte t\u00e9cnico"},"content":{"rendered":"\t\t<div data-elementor-type=\"wp-page\" data-elementor-id=\"17129\" class=\"elementor elementor-17129 elementor-14260\" data-elementor-post-type=\"page\">\n\t\t\t\t\t\t<section class=\"elementor-section elementor-top-section elementor-element elementor-element-b96b6c5 elementor-section-full_width elementor-section-height-default elementor-section-height-default\" data-id=\"b96b6c5\" data-element_type=\"section\" data-settings=\"{&quot;background_background&quot;:&quot;gradient&quot;}\">\n\t\t\t\t\t\t\t<div class=\"elementor-background-overlay\"><\/div>\n\t\t\t\t\t\t\t<div class=\"elementor-container elementor-column-gap-wider\">\n\t\t\t\t\t<div class=\"elementor-column elementor-col-100 elementor-top-column elementor-element elementor-element-096515f\" data-id=\"096515f\" data-element_type=\"column\" data-settings=\"{&quot;background_background&quot;:&quot;classic&quot;}\">\n\t\t\t<div class=\"elementor-widget-wrap elementor-element-populated\">\n\t\t\t\t\t<div class=\"elementor-background-overlay\"><\/div>\n\t\t\t\t\t\t<div class=\"elementor-element elementor-element-f9617e9 elementor-widget elementor-widget-spacer\" data-id=\"f9617e9\" data-element_type=\"widget\" data-settings=\"{&quot;htmega_fe&quot;:&quot;no&quot;}\" data-widget_type=\"spacer.default\">\n\t\t\t\t<div class=\"elementor-widget-container\">\n\t\t\t\t\t\t\t<div class=\"elementor-spacer\">\n\t\t\t<div class=\"elementor-spacer-inner\"><\/div>\n\t\t<\/div>\n\t\t\t\t\t\t<\/div>\n\t\t\t\t<\/div>\n\t\t\t\t<div class=\"elementor-element elementor-element-978302c elementor-widget elementor-widget-heading\" data-id=\"978302c\" data-element_type=\"widget\" data-settings=\"{&quot;htmega_fe&quot;:&quot;no&quot;}\" data-widget_type=\"heading.default\">\n\t\t\t\t<div class=\"elementor-widget-container\">\n\t\t\t\t\t<h1 class=\"elementor-heading-title elementor-size-default\">Soporte T\u00e9cnico<\/h1>\t\t\t\t<\/div>\n\t\t\t\t<\/div>\n\t\t\t\t\t<\/div>\n\t\t<\/div>\n\t\t\t\t\t<\/div>\n\t\t<\/section>\n\t\t<div class=\"elementor-element elementor-element-516aac0 e-flex e-con-boxed e-con e-parent\" data-id=\"516aac0\" data-element_type=\"container\">\n\t\t\t\t\t<div class=\"e-con-inner\">\n\t\t\t\t<div class=\"elementor-element elementor-element-e9d875b elementor-widget elementor-widget-spacer\" data-id=\"e9d875b\" data-element_type=\"widget\" data-settings=\"{&quot;htmega_fe&quot;:&quot;no&quot;}\" data-widget_type=\"spacer.default\">\n\t\t\t\t<div class=\"elementor-widget-container\">\n\t\t\t\t\t\t\t<div class=\"elementor-spacer\">\n\t\t\t<div class=\"elementor-spacer-inner\"><\/div>\n\t\t<\/div>\n\t\t\t\t\t\t<\/div>\n\t\t\t\t<\/div>\n\t\t\t\t<div class=\"elementor-element elementor-element-5b2a439 content-align-center icon-position-top icon-vertical-align-center icon-box-vertical-align-top elementor-invisible elementor-widget elementor-widget-the7_icon_box_grid_widget\" data-id=\"5b2a439\" data-element_type=\"widget\" data-settings=\"{&quot;_animation&quot;:&quot;fadeInLeft&quot;,&quot;htmega_fe&quot;:&quot;no&quot;}\" data-widget_type=\"the7_icon_box_grid_widget.default\">\n\t\t\t\t<div class=\"elementor-widget-container\">\n\t\t\t\t\t<div class=\"the7-box-grid-wrapper the7-elementor-widget loading-effect-none the7_icon_box_grid_widget-5b2a439\">\t\t\t<div class=\"dt-css-grid\">\n\t\t\t\t\t\t\t\t\t<div class=\"wf-cell shown\">\n\t\t\t\t\t\t<div class=\"the7-icon-box-grid\">\t\t\t\t\t\t\t<div class=\"box-content-wrapper\">\n\t\t\t\t\t\t\t\t\t\t\t\t\t\t\t\t\t<a class=\"elementor-icon-div\" aria-label=\"Carrer Prat de la Creu\">\t\t\t\t\t\t\t\t\t\t<div class=\"elementor-icon\">\n\t\t\t\t\t\t\t\t\t\t\t<i aria-hidden=\"true\" class=\"the7feather- the7-feather-map-pin\"><\/i>\t\t\t\t\t\t\t\t\t\t<\/div>\n\t\t\t\t\t\t\t\t\t<\/a>\t\t\t\t\t\t\t\t\t\t\t\t\t\t\t\t<div class=\"box-content\">\n\t\t\t\t\t\t\t\t\t\t\t\t\t\t\t\t\t\t\t\t\t\t\t\t\t\t\t\t\t<h4 class=\"box-heading\">\n\t\t\t\t\t\t\t\t\t\t\t<a aria-label=\"Carrer Prat de la Creu\">\t\t\t\t\t\t\t\t\t\t\t\tCarrer Prat de la Creu\t\t\t\t\t\t\t\t\t\t\t<\/a>\t\t\t\t\t\t\t\t\t\t<\/h4>\n\t\t\t\t\t\t\t\t\t\t\t\t\t\t\t\t\t\t\t\t\t\t\t\t\t\t\t\t<div class=\"box-description\"><p>59-65, Escalera D, Planta 4, Despacho 4A, AD500 \u2013 Andorra la vella<\/p><\/div>\n\t\t\t\t\t\t\t\t\t\t\t\t\t\t\t\t\t\t\t\t\t\t\t\t\t\t<\/div>\n\t\t\t\t\t\t\t<\/div>\n\t\t\t\t\t\t<\/div>\t\t\t\t\t<\/div>\n\t\t\t\t\t\t\t\t\t<div class=\"wf-cell shown\">\n\t\t\t\t\t\t<div class=\"the7-icon-box-grid\">\t\t\t\t\t\t\t<div class=\"box-content-wrapper\">\n\t\t\t\t\t\t\t\t\t\t\t\t\t\t\t\t\t<a class=\"elementor-icon-div\" aria-label=\"serveitecnic@progdev.pro\">\t\t\t\t\t\t\t\t\t\t<div class=\"elementor-icon\">\n\t\t\t\t\t\t\t\t\t\t\t<i aria-hidden=\"true\" class=\"the7feather- the7-feather-mail\"><\/i>\t\t\t\t\t\t\t\t\t\t<\/div>\n\t\t\t\t\t\t\t\t\t<\/a>\t\t\t\t\t\t\t\t\t\t\t\t\t\t\t\t<div class=\"box-content\">\n\t\t\t\t\t\t\t\t\t\t\t\t\t\t\t\t\t\t\t\t\t\t\t\t\t\t\t\t\t<h4 class=\"box-heading\">\n\t\t\t\t\t\t\t\t\t\t\t<a aria-label=\"serveitecnic@progdev.pro\">\t\t\t\t\t\t\t\t\t\t\t\tserveitecnic@progdev.pro\t\t\t\t\t\t\t\t\t\t\t<\/a>\t\t\t\t\t\t\t\t\t\t<\/h4>\n\t\t\t\t\t\t\t\t\t\t\t\t\t\t\t\t\t\t\t\t\t\t\t\t\t\t\t\t<div class=\"box-description\"><p><\/p><\/div>\n\t\t\t\t\t\t\t\t\t\t\t\t\t\t\t\t\t\t\t\t\t\t\t\t\t\t<\/div>\n\t\t\t\t\t\t\t<\/div>\n\t\t\t\t\t\t<\/div>\t\t\t\t\t<\/div>\n\t\t\t\t\t\t\t\t\t<div class=\"wf-cell shown\">\n\t\t\t\t\t\t<div class=\"the7-icon-box-grid\">\t\t\t\t\t\t\t<div class=\"box-content-wrapper\">\n\t\t\t\t\t\t\t\t\t\t\t\t\t\t\t\t\t<a class=\"elementor-icon-div\" aria-label=\"tel. (+376) 815 123\">\t\t\t\t\t\t\t\t\t\t<div class=\"elementor-icon\">\n\t\t\t\t\t\t\t\t\t\t\t<i aria-hidden=\"true\" class=\"the7feather- the7-feather-phone-call\"><\/i>\t\t\t\t\t\t\t\t\t\t<\/div>\n\t\t\t\t\t\t\t\t\t<\/a>\t\t\t\t\t\t\t\t\t\t\t\t\t\t\t\t<div class=\"box-content\">\n\t\t\t\t\t\t\t\t\t\t\t\t\t\t\t\t\t\t\t\t\t\t\t\t\t\t\t\t\t<h4 class=\"box-heading\">\n\t\t\t\t\t\t\t\t\t\t\t<a aria-label=\"tel. (+376) 815 123\">\t\t\t\t\t\t\t\t\t\t\t\ttel. (+376) 815 123\t\t\t\t\t\t\t\t\t\t\t<\/a>\t\t\t\t\t\t\t\t\t\t<\/h4>\n\t\t\t\t\t\t\t\t\t\t\t\t\t\t\t\t\t\t\t\t\t\t\t\t\t\t\t\t\t\t\t\t\t\t\t<\/div>\n\t\t\t\t\t\t\t<\/div>\n\t\t\t\t\t\t<\/div>\t\t\t\t\t<\/div>\n\t\t\t\t\t\t\t\t\t<div class=\"wf-cell shown\">\n\t\t\t\t\t\t<div class=\"the7-icon-box-grid\">\t\t\t\t\t\t\t<div class=\"box-content-wrapper\">\n\t\t\t\t\t\t\t\t\t\t\t\t\t\t\t\t\t<a class=\"elementor-icon-div\" aria-label=\"Horario\">\t\t\t\t\t\t\t\t\t\t<div class=\"elementor-icon\">\n\t\t\t\t\t\t\t\t\t\t\t<svg aria-hidden=\"true\" class=\"e-font-icon-svg e-far-clock\" viewBox=\"0 0 512 512\" xmlns=\"http:\/\/www.w3.org\/2000\/svg\"><path d=\"M256 8C119 8 8 119 8 256s111 248 248 248 248-111 248-248S393 8 256 8zm0 448c-110.5 0-200-89.5-200-200S145.5 56 256 56s200 89.5 200 200-89.5 200-200 200zm61.8-104.4l-84.9-61.7c-3.1-2.3-4.9-5.9-4.9-9.7V116c0-6.6 5.4-12 12-12h32c6.6 0 12 5.4 12 12v141.7l66.8 48.6c5.4 3.9 6.5 11.4 2.6 16.8L334.6 349c-3.9 5.3-11.4 6.5-16.8 2.6z\"><\/path><\/svg>\t\t\t\t\t\t\t\t\t\t<\/div>\n\t\t\t\t\t\t\t\t\t<\/a>\t\t\t\t\t\t\t\t\t\t\t\t\t\t\t\t<div class=\"box-content\">\n\t\t\t\t\t\t\t\t\t\t\t\t\t\t\t\t\t\t\t\t\t\t\t\t\t\t\t\t\t<h4 class=\"box-heading\">\n\t\t\t\t\t\t\t\t\t\t\t<a aria-label=\"Horario\">\t\t\t\t\t\t\t\t\t\t\t\tHorario\t\t\t\t\t\t\t\t\t\t\t<\/a>\t\t\t\t\t\t\t\t\t\t<\/h4>\n\t\t\t\t\t\t\t\t\t\t\t\t\t\t\t\t\t\t\t\t\t\t\t\t\t\t\t\t<div class=\"box-description\">De Lunes a Viernes:<br> De 8:00 - 18:00 h<\/div>\n\t\t\t\t\t\t\t\t\t\t\t\t\t\t\t\t\t\t\t\t\t\t\t\t\t\t<\/div>\n\t\t\t\t\t\t\t<\/div>\n\t\t\t\t\t\t<\/div>\t\t\t\t\t<\/div>\n\t\t\t\t\t\t\t<\/div>\n\t\t<\/div>\t\t\t\t<\/div>\n\t\t\t\t<\/div>\n\t\t\t\t\t<\/div>\n\t\t\t\t<\/div>\n\t\t<div class=\"elementor-element elementor-element-b96340f e-flex e-con-boxed e-con e-parent\" data-id=\"b96340f\" data-element_type=\"container\">\n\t\t\t\t\t<div class=\"e-con-inner\">\n\t\t\t\t<div class=\"elementor-element elementor-element-0fb55e6 elementor-widget elementor-widget-spacer\" data-id=\"0fb55e6\" data-element_type=\"widget\" data-settings=\"{&quot;htmega_fe&quot;:&quot;no&quot;}\" data-widget_type=\"spacer.default\">\n\t\t\t\t<div class=\"elementor-widget-container\">\n\t\t\t\t\t\t\t<div class=\"elementor-spacer\">\n\t\t\t<div class=\"elementor-spacer-inner\"><\/div>\n\t\t<\/div>\n\t\t\t\t\t\t<\/div>\n\t\t\t\t<\/div>\n\t\t\t\t\t<\/div>\n\t\t\t\t<\/div>\n\t\t<div class=\"elementor-element elementor-element-98f1ba3 e-flex e-con-boxed e-con e-parent\" data-id=\"98f1ba3\" data-element_type=\"container\">\n\t\t\t\t\t<div class=\"e-con-inner\">\n\t\t<div class=\"elementor-element elementor-element-0db98cc e-con-full e-flex e-con e-child\" data-id=\"0db98cc\" data-element_type=\"container\">\n\t\t\t\t<div class=\"elementor-element elementor-element-e356d3b elementor-widget__width-initial elementor-widget elementor-widget-text-editor\" data-id=\"e356d3b\" data-element_type=\"widget\" data-settings=\"{&quot;htmega_fe&quot;:&quot;no&quot;}\" data-widget_type=\"text-editor.default\">\n\t\t\t\t<div class=\"elementor-widget-container\">\n\t\t\t\t\t\t\t\t\t<p data-start=\"540\" data-end=\"696\">Para hacer la instalaci\u00f3n de nuestro software m\u00e1s \u00e1gil y poder darte soporte cuando lo necesites, utilizamos <strong data-start=\"649\" data-end=\"661\">RustDesk<\/strong> como herramienta de acceso remoto.<\/p><p data-start=\"698\" data-end=\"956\">Esto permite a nuestro equipo de soporte t\u00e9cnico conectarse puntualmente a tu ordenador para ayudarte con la puesta en marcha, realizar comprobaciones o resolver cualquier incidencia de forma r\u00e1pida y directa, sin que tengas que desplazarte ni perder tiempo.<\/p><p data-start=\"958\" data-end=\"1032\" data-is-last-node=\"\" data-is-only-node=\"\">Puedes descargar <strong data-start=\"975\" data-end=\"987\">RustDesk<\/strong> de forma gratuita desde el siguiente enlace:<\/p>\t\t\t\t\t\t\t\t<\/div>\n\t\t\t\t<\/div>\n\t\t\t\t<div class=\"elementor-element elementor-element-416d3dd elementor-widget elementor-widget-button\" data-id=\"416d3dd\" data-element_type=\"widget\" data-settings=\"{&quot;htmega_fe&quot;:&quot;no&quot;}\" data-widget_type=\"button.default\">\n\t\t\t\t<div class=\"elementor-widget-container\">\n\t\t\t\t\t\t\t\t\t<div class=\"elementor-button-wrapper\">\n\t\t\t\t\t<a class=\"elementor-button elementor-button-link elementor-size-sm\" href=\"https:\/\/progdev.pro\/wp-content\/uploads\/remoteprogdev.zip\">\n\t\t\t\t\t\t<span class=\"elementor-button-content-wrapper\">\n\t\t\t\t\t\t\t\t\t<span class=\"elementor-button-text\">Descarga RustDesk<\/span>\n\t\t\t\t\t<\/span>\n\t\t\t\t\t<\/a>\n\t\t\t\t<\/div>\n\t\t\t\t\t\t\t\t<\/div>\n\t\t\t\t<\/div>\n\t\t\t\t<\/div>\n\t\t<div class=\"elementor-element elementor-element-55f6976 e-con-full e-flex e-con e-child\" data-id=\"55f6976\" data-element_type=\"container\">\n\t\t\t\t<div class=\"elementor-element elementor-element-e9e3da7 elementor-widget elementor-widget-image\" data-id=\"e9e3da7\" data-element_type=\"widget\" data-settings=\"{&quot;htmega_fe&quot;:&quot;no&quot;}\" data-widget_type=\"image.default\">\n\t\t\t\t<div class=\"elementor-widget-container\">\n\t\t\t\t\t\t\t\t\t\t\t\t\t\t\t<img fetchpriority=\"high\" decoding=\"async\" width=\"1849\" height=\"1054\" src=\"https:\/\/progdev.pro\/wp-content\/uploads\/2025\/12\/servei-tecnic-progdev-andorra-1.webp\" class=\"attachment-full size-full wp-image-26694\" alt=\"\" srcset=\"https:\/\/progdev.pro\/wp-content\/uploads\/2025\/12\/servei-tecnic-progdev-andorra-1.webp 1849w, https:\/\/progdev.pro\/wp-content\/uploads\/2025\/12\/servei-tecnic-progdev-andorra-1-300x171.webp 300w, https:\/\/progdev.pro\/wp-content\/uploads\/2025\/12\/servei-tecnic-progdev-andorra-1-1024x584.webp 1024w, https:\/\/progdev.pro\/wp-content\/uploads\/2025\/12\/servei-tecnic-progdev-andorra-1-768x438.webp 768w, https:\/\/progdev.pro\/wp-content\/uploads\/2025\/12\/servei-tecnic-progdev-andorra-1-1536x876.webp 1536w\" sizes=\"(max-width: 1849px) 100vw, 1849px\" \/>\t\t\t\t\t\t\t\t\t\t\t\t\t\t\t<\/div>\n\t\t\t\t<\/div>\n\t\t\t\t<\/div>\n\t\t\t\t\t<\/div>\n\t\t\t\t<\/div>\n\t\t<div class=\"elementor-element elementor-element-137c6a0 e-flex e-con-boxed e-con e-parent\" data-id=\"137c6a0\" data-element_type=\"container\">\n\t\t\t\t\t<div class=\"e-con-inner\">\n\t\t<div class=\"elementor-element elementor-element-8b1aed3 e-flex e-con-boxed e-con e-child\" data-id=\"8b1aed3\" data-element_type=\"container\">\n\t\t\t\t\t<div class=\"e-con-inner\">\n\t\t\t\t<div class=\"elementor-element elementor-element-764eb89 elementor-widget elementor-widget-spacer\" data-id=\"764eb89\" data-element_type=\"widget\" data-settings=\"{&quot;htmega_fe&quot;:&quot;no&quot;}\" data-widget_type=\"spacer.default\">\n\t\t\t\t<div class=\"elementor-widget-container\">\n\t\t\t\t\t\t\t<div class=\"elementor-spacer\">\n\t\t\t<div class=\"elementor-spacer-inner\"><\/div>\n\t\t<\/div>\n\t\t\t\t\t\t<\/div>\n\t\t\t\t<\/div>\n\t\t\t\t\t<\/div>\n\t\t\t\t<\/div>\n\t\t\t\t\t<\/div>\n\t\t\t\t<\/div>\n\t\t\t\t<\/div>\n\t\t","protected":false},"excerpt":{"rendered":"<p>Soporte T\u00e9cnico Carrer Prat de la Creu 59-65, Escalera D, Planta 4, Despacho 4A, AD500 \u2013 Andorra la vella serveitecnic@progdev.pro tel. (+376) 815 123 Horario De Lunes a Viernes: De 8:00 &#8211; 18:00 h Para hacer la instalaci\u00f3n de nuestro software m\u00e1s \u00e1gil y poder darte soporte cuando lo necesites, utilizamos RustDesk como herramienta de&hellip;<\/p>\n","protected":false},"author":1,"featured_media":0,"parent":0,"menu_order":41,"comment_status":"closed","ping_status":"closed","template":"elementor_header_footer","meta":{"_uf_show_specific_survey":0,"_uf_disable_surveys":false,"_joinchat":[],"footnotes":""},"class_list":["post-17129","page","type-page","status-publish","hentry"],"yoast_head":"<!-- This site is optimized with the Yoast SEO plugin v26.7 - https:\/\/yoast.com\/wordpress\/plugins\/seo\/ -->\n<title>Servicio t\u00e9cnico y soporte remoto | ProgDev<\/title>\n<meta name=\"description\" content=\"\u00bfNecesitas ayuda con tu software? Nuestro servicio t\u00e9cnico resuelve incidencias y ofrece soporte remoto a trav\u00e9s de RustDesk, sin desplazarte\" \/>\n<meta name=\"robots\" content=\"index, follow, max-snippet:-1, max-image-preview:large, max-video-preview:-1\" \/>\n<link rel=\"canonical\" href=\"https:\/\/progdev.pro\/es\/servicio-tecnico\/\" \/>\n<meta property=\"og:locale\" content=\"es_ES\" \/>\n<meta property=\"og:type\" content=\"article\" \/>\n<meta property=\"og:title\" content=\"Servicio t\u00e9cnico y soporte remoto | ProgDev\" \/>\n<meta property=\"og:description\" content=\"\u00bfNecesitas ayuda con tu software? Nuestro servicio t\u00e9cnico resuelve incidencias y ofrece soporte remoto a trav\u00e9s de RustDesk, sin desplazarte\" \/>\n<meta property=\"og:url\" content=\"https:\/\/progdev.pro\/es\/servicio-tecnico\/\" \/>\n<meta property=\"og:site_name\" content=\"PROGDEV - Programaci\u00f3 a mida\" \/>\n<meta property=\"article:modified_time\" content=\"2026-01-30T07:57:07+00:00\" \/>\n<meta property=\"og:image\" content=\"https:\/\/progdev.pro\/wp-content\/uploads\/2025\/12\/servei-tecnic-progdev-andorra-1.webp\" \/>\n\t<meta property=\"og:image:width\" content=\"1849\" \/>\n\t<meta property=\"og:image:height\" content=\"1054\" \/>\n\t<meta property=\"og:image:type\" content=\"image\/webp\" \/>\n<meta name=\"twitter:card\" content=\"summary_large_image\" \/>\n<meta name=\"twitter:label1\" content=\"Tiempo de lectura\" \/>\n\t<meta name=\"twitter:data1\" content=\"1 minuto\" \/>\n<!-- \/ Yoast SEO plugin. -->","yoast_head_json":{"title":"Servicio t\u00e9cnico y soporte remoto | ProgDev","description":"\u00bfNecesitas ayuda con tu software? Nuestro servicio t\u00e9cnico resuelve incidencias y ofrece soporte remoto a trav\u00e9s de RustDesk, sin desplazarte","robots":{"index":"index","follow":"follow","max-snippet":"max-snippet:-1","max-image-preview":"max-image-preview:large","max-video-preview":"max-video-preview:-1"},"canonical":"https:\/\/progdev.pro\/es\/servicio-tecnico\/","og_locale":"es_ES","og_type":"article","og_title":"Servicio t\u00e9cnico y soporte remoto | ProgDev","og_description":"\u00bfNecesitas ayuda con tu software? Nuestro servicio t\u00e9cnico resuelve incidencias y ofrece soporte remoto a trav\u00e9s de RustDesk, sin desplazarte","og_url":"https:\/\/progdev.pro\/es\/servicio-tecnico\/","og_site_name":"PROGDEV - Programaci\u00f3 a mida","article_modified_time":"2026-01-30T07:57:07+00:00","og_image":[{"width":1849,"height":1054,"url":"https:\/\/progdev.pro\/wp-content\/uploads\/2025\/12\/servei-tecnic-progdev-andorra-1.webp","type":"image\/webp"}],"twitter_card":"summary_large_image","twitter_misc":{"Tiempo de lectura":"1 minuto"},"schema":{"@context":"https:\/\/schema.org","@graph":[{"@type":"WebPage","@id":"https:\/\/progdev.pro\/es\/servicio-tecnico\/","url":"https:\/\/progdev.pro\/es\/servicio-tecnico\/","name":"Servicio t\u00e9cnico y soporte remoto | ProgDev","isPartOf":{"@id":"https:\/\/progdev.pro\/es\/#website"},"primaryImageOfPage":{"@id":"https:\/\/progdev.pro\/es\/servicio-tecnico\/#primaryimage"},"image":{"@id":"https:\/\/progdev.pro\/es\/servicio-tecnico\/#primaryimage"},"thumbnailUrl":"https:\/\/progdev.pro\/wp-content\/uploads\/2025\/12\/servei-tecnic-progdev-andorra-1.webp","datePublished":"2024-03-21T09:48:19+00:00","dateModified":"2026-01-30T07:57:07+00:00","description":"\u00bfNecesitas ayuda con tu software? Nuestro servicio t\u00e9cnico resuelve incidencias y ofrece soporte remoto a trav\u00e9s de RustDesk, sin desplazarte","breadcrumb":{"@id":"https:\/\/progdev.pro\/es\/servicio-tecnico\/#breadcrumb"},"inLanguage":"es","potentialAction":[{"@type":"ReadAction","target":["https:\/\/progdev.pro\/es\/servicio-tecnico\/"]}]},{"@type":"ImageObject","inLanguage":"es","@id":"https:\/\/progdev.pro\/es\/servicio-tecnico\/#primaryimage","url":"https:\/\/progdev.pro\/wp-content\/uploads\/2025\/12\/servei-tecnic-progdev-andorra-1.webp","contentUrl":"https:\/\/progdev.pro\/wp-content\/uploads\/2025\/12\/servei-tecnic-progdev-andorra-1.webp"},{"@type":"BreadcrumbList","@id":"https:\/\/progdev.pro\/es\/servicio-tecnico\/#breadcrumb","itemListElement":[{"@type":"ListItem","position":1,"name":"Home","item":"https:\/\/progdev.pro\/es\/"},{"@type":"ListItem","position":2,"name":"Soporte t\u00e9cnico"}]},{"@type":"WebSite","@id":"https:\/\/progdev.pro\/es\/#website","url":"https:\/\/progdev.pro\/es\/","name":"PROGDEV - Programaci\u00f3 a mida","description":"Confeccionem programes a mida, adaptats a les necessitats de la vostra organitzaci\u00f3. Tot el que us podeu imaginar es pot programar.","publisher":{"@id":"https:\/\/progdev.pro\/es\/#organization"},"potentialAction":[{"@type":"SearchAction","target":{"@type":"EntryPoint","urlTemplate":"https:\/\/progdev.pro\/es\/?s={search_term_string}"},"query-input":{"@type":"PropertyValueSpecification","valueRequired":true,"valueName":"search_term_string"}}],"inLanguage":"es"},{"@type":"Organization","@id":"https:\/\/progdev.pro\/es\/#organization","name":"PROGDEV - Programaci\u00f3 a mida","url":"https:\/\/progdev.pro\/es\/","logo":{"@type":"ImageObject","inLanguage":"es","@id":"https:\/\/progdev.pro\/es\/#\/schema\/logo\/image\/","url":"https:\/\/progdev.pro\/wp-content\/uploads\/2024\/04\/cropped-Progdev_ICON-1.png","contentUrl":"https:\/\/progdev.pro\/wp-content\/uploads\/2024\/04\/cropped-Progdev_ICON-1.png","width":512,"height":512,"caption":"PROGDEV - Programaci\u00f3 a mida"},"image":{"@id":"https:\/\/progdev.pro\/es\/#\/schema\/logo\/image\/"}}]}},"_links":{"self":[{"href":"https:\/\/progdev.pro\/es\/wp-json\/wp\/v2\/pages\/17129","targetHints":{"allow":["GET"]}}],"collection":[{"href":"https:\/\/progdev.pro\/es\/wp-json\/wp\/v2\/pages"}],"about":[{"href":"https:\/\/progdev.pro\/es\/wp-json\/wp\/v2\/types\/page"}],"author":[{"embeddable":true,"href":"https:\/\/progdev.pro\/es\/wp-json\/wp\/v2\/users\/1"}],"replies":[{"embeddable":true,"href":"https:\/\/progdev.pro\/es\/wp-json\/wp\/v2\/comments?post=17129"}],"version-history":[{"count":26,"href":"https:\/\/progdev.pro\/es\/wp-json\/wp\/v2\/pages\/17129\/revisions"}],"predecessor-version":[{"id":27287,"href":"https:\/\/progdev.pro\/es\/wp-json\/wp\/v2\/pages\/17129\/revisions\/27287"}],"wp:attachment":[{"href":"https:\/\/progdev.pro\/es\/wp-json\/wp\/v2\/media?parent=17129"}],"curies":[{"name":"wp","href":"https:\/\/api.w.org\/{rel}","templated":true}]}}