{"id":21544,"date":"2025-08-01T10:23:00","date_gmt":"2025-08-01T08:23:00","guid":{"rendered":"https:\/\/progdev.pro\/gracias\/"},"modified":"2025-12-12T10:31:45","modified_gmt":"2025-12-12T09:31:45","slug":"gracias","status":"publish","type":"page","link":"https:\/\/progdev.pro\/es\/gracias\/","title":{"rendered":"Gracias"},"content":{"rendered":"\t\t<div data-elementor-type=\"wp-page\" data-elementor-id=\"21544\" class=\"elementor elementor-21544 elementor-21494\" data-elementor-post-type=\"page\">\n\t\t\t\t\t\t<section class=\"elementor-section elementor-top-section elementor-element elementor-element-b96b6c5 elementor-section-full_width elementor-section-height-default elementor-section-height-default\" data-id=\"b96b6c5\" data-element_type=\"section\" data-settings=\"{&quot;background_background&quot;:&quot;gradient&quot;}\">\n\t\t\t\t\t\t\t<div class=\"elementor-background-overlay\"><\/div>\n\t\t\t\t\t\t\t<div class=\"elementor-container elementor-column-gap-wider\">\n\t\t\t\t\t<div class=\"elementor-column elementor-col-100 elementor-top-column elementor-element elementor-element-096515f\" data-id=\"096515f\" data-element_type=\"column\" data-settings=\"{&quot;background_background&quot;:&quot;classic&quot;}\">\n\t\t\t<div class=\"elementor-widget-wrap elementor-element-populated\">\n\t\t\t\t\t<div class=\"elementor-background-overlay\"><\/div>\n\t\t\t\t\t\t\t<\/div>\n\t\t<\/div>\n\t\t\t\t\t<\/div>\n\t\t<\/section>\n\t\t<div class=\"elementor-element elementor-element-3a6274e e-flex e-con-boxed e-con e-parent\" data-id=\"3a6274e\" data-element_type=\"container\" data-settings=\"{&quot;background_background&quot;:&quot;gradient&quot;}\">\n\t\t\t\t\t<div class=\"e-con-inner\">\n\t\t\t\t<div class=\"elementor-element elementor-element-d4680a2 elementor-widget__width-inherit elementor-widget-mobile__width-initial elementor-invisible elementor-widget elementor-widget-the7-heading\" data-id=\"d4680a2\" data-element_type=\"widget\" data-settings=\"{&quot;_animation&quot;:&quot;fadeIn&quot;,&quot;_animation_delay&quot;:200,&quot;htmega_fe&quot;:&quot;no&quot;}\" data-widget_type=\"the7-heading.default\">\n\t\t\t\t<div class=\"elementor-widget-container\">\n\t\t\t\t\t<h3 class=\"the7-heading-title elementor-size-default\">\u00a1Gracias por tu mensaje!\n<\/h3>\t\t\t\t<\/div>\n\t\t\t\t<\/div>\n\t\t\t\t<div class=\"elementor-element elementor-element-e86fbf2 elementor-widget elementor-widget-spacer\" data-id=\"e86fbf2\" data-element_type=\"widget\" data-settings=\"{&quot;htmega_fe&quot;:&quot;no&quot;}\" data-widget_type=\"spacer.default\">\n\t\t\t\t<div class=\"elementor-widget-container\">\n\t\t\t\t\t\t\t<div class=\"elementor-spacer\">\n\t\t\t<div class=\"elementor-spacer-inner\"><\/div>\n\t\t<\/div>\n\t\t\t\t\t\t<\/div>\n\t\t\t\t<\/div>\n\t\t\t\t<div class=\"elementor-element elementor-element-21752e5 elementor-widget__width-initial elementor-widget-mobile__width-initial elementor-invisible elementor-widget elementor-widget-the7-heading\" data-id=\"21752e5\" data-element_type=\"widget\" data-settings=\"{&quot;_animation&quot;:&quot;fadeIn&quot;,&quot;_animation_delay&quot;:300,&quot;htmega_fe&quot;:&quot;no&quot;}\" data-widget_type=\"the7-heading.default\">\n\t\t\t\t<div class=\"elementor-widget-container\">\n\t\t\t\t\t<h3 class=\"the7-heading-title elementor-size-default\">\nHemos recibido correctamente tu solicitud.\n Nos pondremos en contacto contigo lo antes posible para ofrecerte m\u00e1s informaci\u00f3n y resolver cualquier duda que puedas tener.\n\n\n<\/h3>\t\t\t\t<\/div>\n\t\t\t\t<\/div>\n\t\t\t\t<div class=\"elementor-element elementor-element-a5fbc47 elementor-widget elementor-widget-spacer\" data-id=\"a5fbc47\" data-element_type=\"widget\" data-settings=\"{&quot;htmega_fe&quot;:&quot;no&quot;}\" data-widget_type=\"spacer.default\">\n\t\t\t\t<div class=\"elementor-widget-container\">\n\t\t\t\t\t\t\t<div class=\"elementor-spacer\">\n\t\t\t<div class=\"elementor-spacer-inner\"><\/div>\n\t\t<\/div>\n\t\t\t\t\t\t<\/div>\n\t\t\t\t<\/div>\n\t\t\t\t<div class=\"elementor-element elementor-element-988d67e elementor-widget__width-initial elementor-invisible elementor-widget elementor-widget-text-editor\" data-id=\"988d67e\" data-element_type=\"widget\" data-settings=\"{&quot;_animation&quot;:&quot;fadeInUp&quot;,&quot;_animation_delay&quot;:300,&quot;htmega_fe&quot;:&quot;no&quot;}\" data-widget_type=\"text-editor.default\">\n\t\t\t\t<div class=\"elementor-widget-container\">\n\t\t\t\t\t\t\t\t\t<p>Si lo prefieres, tambi\u00e9n puedes escribirnos directamente en:<\/p><h2 class=\"box-heading\"><a href=\"mailto:eduard@progdev.pro\">comercial@progdev.pro<\/a><\/h2><p>  o llamarnos \/ whatsapp al<\/p><h2><strong><a href=\"tel:+00376815123\">(+376) 815 123<\/a><\/strong><\/h2>\t\t\t\t\t\t\t\t<\/div>\n\t\t\t\t<\/div>\n\t\t\t\t\t<\/div>\n\t\t\t\t<\/div>\n\t\t\t\t<\/div>\n\t\t","protected":false},"excerpt":{"rendered":"<p>\u00a1Gracias por tu mensaje! Hemos recibido correctamente tu solicitud. Nos pondremos en contacto contigo lo antes posible para ofrecerte m\u00e1s informaci\u00f3n y resolver cualquier duda que puedas tener. Si lo prefieres, tambi\u00e9n puedes escribirnos directamente en: comercial@progdev.pro o llamarnos \/ whatsapp al (+376) 815 123<\/p>\n","protected":false},"author":1,"featured_media":0,"parent":0,"menu_order":116,"comment_status":"closed","ping_status":"closed","template":"elementor_header_footer","meta":{"_uf_show_specific_survey":0,"_uf_disable_surveys":false,"_joinchat":[],"footnotes":""},"class_list":["post-21544","page","type-page","status-publish","hentry"],"yoast_head":"<!-- This site is optimized with the Yoast SEO plugin v26.7 - https:\/\/yoast.com\/wordpress\/plugins\/seo\/ -->\n<title>Gracias - PROGDEV - Programaci\u00f3 a mida<\/title>\n<meta name=\"robots\" content=\"noindex, nofollow\" \/>\n<meta property=\"og:locale\" content=\"es_ES\" \/>\n<meta property=\"og:type\" content=\"article\" \/>\n<meta property=\"og:title\" content=\"Gracias - PROGDEV - Programaci\u00f3 a mida\" \/>\n<meta property=\"og:description\" content=\"\u00a1Gracias por tu mensaje! Hemos recibido correctamente tu solicitud. Nos pondremos en contacto contigo lo antes posible para ofrecerte m\u00e1s informaci\u00f3n y resolver cualquier duda que puedas tener. Si lo prefieres, tambi\u00e9n puedes escribirnos directamente en: comercial@progdev.pro o llamarnos \/ whatsapp al (+376) 815 123\" \/>\n<meta property=\"og:url\" content=\"https:\/\/progdev.pro\/es\/gracias\/\" \/>\n<meta property=\"og:site_name\" content=\"PROGDEV - Programaci\u00f3 a mida\" \/>\n<meta property=\"article:modified_time\" content=\"2025-12-12T09:31:45+00:00\" \/>\n<meta name=\"twitter:card\" content=\"summary_large_image\" \/>\n<!-- \/ Yoast SEO plugin. -->","yoast_head_json":{"title":"Gracias - PROGDEV - Programaci\u00f3 a mida","robots":{"index":"noindex","follow":"nofollow"},"og_locale":"es_ES","og_type":"article","og_title":"Gracias - PROGDEV - Programaci\u00f3 a mida","og_description":"\u00a1Gracias por tu mensaje! Hemos recibido correctamente tu solicitud. Nos pondremos en contacto contigo lo antes posible para ofrecerte m\u00e1s informaci\u00f3n y resolver cualquier duda que puedas tener. Si lo prefieres, tambi\u00e9n puedes escribirnos directamente en: comercial@progdev.pro o llamarnos \/ whatsapp al (+376) 815 123","og_url":"https:\/\/progdev.pro\/es\/gracias\/","og_site_name":"PROGDEV - Programaci\u00f3 a mida","article_modified_time":"2025-12-12T09:31:45+00:00","twitter_card":"summary_large_image","schema":{"@context":"https:\/\/schema.org","@graph":[{"@type":"WebPage","@id":"https:\/\/progdev.pro\/es\/gracias\/","url":"https:\/\/progdev.pro\/es\/gracias\/","name":"Gracias - PROGDEV - Programaci\u00f3 a mida","isPartOf":{"@id":"https:\/\/progdev.pro\/es\/#website"},"datePublished":"2025-08-01T08:23:00+00:00","dateModified":"2025-12-12T09:31:45+00:00","breadcrumb":{"@id":"https:\/\/progdev.pro\/es\/gracias\/#breadcrumb"},"inLanguage":"es","potentialAction":[{"@type":"ReadAction","target":["https:\/\/progdev.pro\/es\/gracias\/"]}]},{"@type":"BreadcrumbList","@id":"https:\/\/progdev.pro\/es\/gracias\/#breadcrumb","itemListElement":[{"@type":"ListItem","position":1,"name":"Home","item":"https:\/\/progdev.pro\/es\/"},{"@type":"ListItem","position":2,"name":"Gracias"}]},{"@type":"WebSite","@id":"https:\/\/progdev.pro\/es\/#website","url":"https:\/\/progdev.pro\/es\/","name":"PROGDEV - Programaci\u00f3 a mida","description":"Confeccionem programes a mida, adaptats a les necessitats de la vostra organitzaci\u00f3. Tot el que us podeu imaginar es pot programar.","publisher":{"@id":"https:\/\/progdev.pro\/es\/#organization"},"potentialAction":[{"@type":"SearchAction","target":{"@type":"EntryPoint","urlTemplate":"https:\/\/progdev.pro\/es\/?s={search_term_string}"},"query-input":{"@type":"PropertyValueSpecification","valueRequired":true,"valueName":"search_term_string"}}],"inLanguage":"es"},{"@type":"Organization","@id":"https:\/\/progdev.pro\/es\/#organization","name":"PROGDEV - Programaci\u00f3 a mida","url":"https:\/\/progdev.pro\/es\/","logo":{"@type":"ImageObject","inLanguage":"es","@id":"https:\/\/progdev.pro\/es\/#\/schema\/logo\/image\/","url":"https:\/\/progdev.pro\/wp-content\/uploads\/2024\/04\/cropped-Progdev_ICON-1.png","contentUrl":"https:\/\/progdev.pro\/wp-content\/uploads\/2024\/04\/cropped-Progdev_ICON-1.png","width":512,"height":512,"caption":"PROGDEV - Programaci\u00f3 a mida"},"image":{"@id":"https:\/\/progdev.pro\/es\/#\/schema\/logo\/image\/"}}]}},"_links":{"self":[{"href":"https:\/\/progdev.pro\/es\/wp-json\/wp\/v2\/pages\/21544","targetHints":{"allow":["GET"]}}],"collection":[{"href":"https:\/\/progdev.pro\/es\/wp-json\/wp\/v2\/pages"}],"about":[{"href":"https:\/\/progdev.pro\/es\/wp-json\/wp\/v2\/types\/page"}],"author":[{"embeddable":true,"href":"https:\/\/progdev.pro\/es\/wp-json\/wp\/v2\/users\/1"}],"replies":[{"embeddable":true,"href":"https:\/\/progdev.pro\/es\/wp-json\/wp\/v2\/comments?post=21544"}],"version-history":[{"count":4,"href":"https:\/\/progdev.pro\/es\/wp-json\/wp\/v2\/pages\/21544\/revisions"}],"predecessor-version":[{"id":25312,"href":"https:\/\/progdev.pro\/es\/wp-json\/wp\/v2\/pages\/21544\/revisions\/25312"}],"wp:attachment":[{"href":"https:\/\/progdev.pro\/es\/wp-json\/wp\/v2\/media?parent=21544"}],"curies":[{"name":"wp","href":"https:\/\/api.w.org\/{rel}","templated":true}]}}