{"id":24552,"date":"2025-10-09T17:14:27","date_gmt":"2025-10-09T15:14:27","guid":{"rendered":"https:\/\/progdev.pro\/whatsapp\/"},"modified":"2025-12-12T10:30:30","modified_gmt":"2025-12-12T09:30:30","slug":"programa-de-digitalizacion-de-empresas-andorra","status":"publish","type":"page","link":"https:\/\/progdev.pro\/es\/programa-de-digitalizacion-de-empresas-andorra\/","title":{"rendered":"Programa de Digitalizaci\u00f3n de Empresas Andorra"},"content":{"rendered":"\t\t<div data-elementor-type=\"wp-page\" data-elementor-id=\"24552\" class=\"elementor elementor-24552 elementor-24546\" data-elementor-post-type=\"page\">\n\t\t\t\t\t\t<section class=\"elementor-section elementor-top-section elementor-element elementor-element-b96b6c5 elementor-section-full_width elementor-section-height-default elementor-section-height-default\" data-id=\"b96b6c5\" data-element_type=\"section\" data-settings=\"{&quot;background_background&quot;:&quot;gradient&quot;}\">\n\t\t\t\t\t\t\t<div class=\"elementor-background-overlay\"><\/div>\n\t\t\t\t\t\t\t<div class=\"elementor-container elementor-column-gap-wider\">\n\t\t\t\t\t<div class=\"elementor-column elementor-col-100 elementor-top-column elementor-element elementor-element-096515f\" data-id=\"096515f\" data-element_type=\"column\" data-settings=\"{&quot;background_background&quot;:&quot;classic&quot;}\">\n\t\t\t<div class=\"elementor-widget-wrap elementor-element-populated\">\n\t\t\t\t\t<div class=\"elementor-background-overlay\"><\/div>\n\t\t\t\t\t\t\t<\/div>\n\t\t<\/div>\n\t\t\t\t\t<\/div>\n\t\t<\/section>\n\t\t<div class=\"elementor-element elementor-element-3a6274e e-flex e-con-boxed e-con e-parent\" data-id=\"3a6274e\" data-element_type=\"container\" data-settings=\"{&quot;background_background&quot;:&quot;gradient&quot;}\">\n\t\t\t\t\t<div class=\"e-con-inner\">\n\t\t\t\t<div class=\"elementor-element elementor-element-c30c579 elementor-widget elementor-widget-spacer\" data-id=\"c30c579\" data-element_type=\"widget\" data-settings=\"{&quot;htmega_fe&quot;:&quot;no&quot;}\" data-widget_type=\"spacer.default\">\n\t\t\t\t<div class=\"elementor-widget-container\">\n\t\t\t\t\t\t\t<div class=\"elementor-spacer\">\n\t\t\t<div class=\"elementor-spacer-inner\"><\/div>\n\t\t<\/div>\n\t\t\t\t\t\t<\/div>\n\t\t\t\t<\/div>\n\t\t\t\t<div class=\"elementor-element elementor-element-d4680a2 elementor-widget__width-initial elementor-widget-mobile__width-initial elementor-invisible elementor-widget elementor-widget-the7-heading\" data-id=\"d4680a2\" data-element_type=\"widget\" data-settings=\"{&quot;_animation&quot;:&quot;fadeIn&quot;,&quot;_animation_delay&quot;:200,&quot;htmega_fe&quot;:&quot;no&quot;}\" data-widget_type=\"the7-heading.default\">\n\t\t\t\t<div class=\"elementor-widget-container\">\n\t\t\t\t\t<h3 class=\"the7-heading-title elementor-size-default\">Digitaliza tu empresa con las ayudas del Programa de Digitalizaci\u00f3n de Andorra<\/h3>\t\t\t\t<\/div>\n\t\t\t\t<\/div>\n\t\t\t\t<div class=\"elementor-element elementor-element-e86fbf2 elementor-widget elementor-widget-spacer\" data-id=\"e86fbf2\" data-element_type=\"widget\" data-settings=\"{&quot;htmega_fe&quot;:&quot;no&quot;}\" data-widget_type=\"spacer.default\">\n\t\t\t\t<div class=\"elementor-widget-container\">\n\t\t\t\t\t\t\t<div class=\"elementor-spacer\">\n\t\t\t<div class=\"elementor-spacer-inner\"><\/div>\n\t\t<\/div>\n\t\t\t\t\t\t<\/div>\n\t\t\t\t<\/div>\n\t\t\t\t<div class=\"elementor-element elementor-element-21752e5 elementor-widget__width-initial elementor-widget-mobile__width-initial elementor-invisible elementor-widget elementor-widget-the7-heading\" data-id=\"21752e5\" data-element_type=\"widget\" data-settings=\"{&quot;_animation&quot;:&quot;fadeIn&quot;,&quot;_animation_delay&quot;:300,&quot;htmega_fe&quot;:&quot;no&quot;}\" data-widget_type=\"the7-heading.default\">\n\t\t\t\t<div class=\"elementor-widget-container\">\n\t\t\t\t\t<h3 class=\"the7-heading-title elementor-size-default\">\nProgDev es proveedor oficial del Programa de Digitalizaci\u00f3n del Gobierno de Andorra\n\n\n<\/h3>\t\t\t\t<\/div>\n\t\t\t\t<\/div>\n\t\t\t\t<div class=\"elementor-element elementor-element-42ec811 elementor-widget elementor-widget-spacer\" data-id=\"42ec811\" data-element_type=\"widget\" data-settings=\"{&quot;htmega_fe&quot;:&quot;no&quot;}\" data-widget_type=\"spacer.default\">\n\t\t\t\t<div class=\"elementor-widget-container\">\n\t\t\t\t\t\t\t<div class=\"elementor-spacer\">\n\t\t\t<div class=\"elementor-spacer-inner\"><\/div>\n\t\t<\/div>\n\t\t\t\t\t\t<\/div>\n\t\t\t\t<\/div>\n\t\t\t\t\t<\/div>\n\t\t\t\t<\/div>\n\t\t<div class=\"elementor-element elementor-element-8ccce12 e-con-full e-flex e-con e-parent\" data-id=\"8ccce12\" data-element_type=\"container\">\n\t\t<div class=\"elementor-element elementor-element-2e1d4b3 e-con-full caixa1 e-flex e-con e-child\" data-id=\"2e1d4b3\" data-element_type=\"container\" data-settings=\"{&quot;background_background&quot;:&quot;gradient&quot;}\">\n\t\t\t\t<div class=\"elementor-element elementor-element-ad2b44e elementor-widget-mobile__width-inherit icon-box-vertical-align-center content-align-center icon-position-left icon-vertical-align-start elementor-widget elementor-widget-the7_icon_box_widget\" data-id=\"ad2b44e\" data-element_type=\"widget\" data-settings=\"{&quot;htmega_fe&quot;:&quot;no&quot;}\" data-widget_type=\"the7_icon_box_widget.default\">\n\t\t\t\t<div class=\"elementor-widget-container\">\n\t\t\t\t\t\n\t\t<div class=\"the7-box-wrapper the7-elementor-widget the7_icon_box_widget-ad2b44e\">\t\t\t<div class=\"box-content-wrapper\">\n\t\t\t\t\t\t\t\t<div class=\"box-content\">\n\t\t\t\t\t\t\t\t\t\t\t\t\t\t\t\t\t<h4 class=\"box-heading\">\n\t\t\t\t\t\t\t<a >\t\t\t\t\t\t\t\tMicro Empresas\t\t\t\t\t\t\t<\/a>\t\t\t\t\t\t<\/h4>\n\t\t\t\t\t\t\t\t\t\t\t\t\t\t\t\t<div class=\"box-description\">de 1 a 5 trabajadores\n<br><br><br><br> <span style=\"font-size: 50px; font-weight: 700; color: #03D87D;\">6000\u20ac<\/span><\/div>\n\t\t\t\t\t\n\t\t\t\t\t\n\t\t\t\t<\/div>\n\t\t\t<\/div>\n\t\t<\/div>\t\t\t\t\t<\/div>\n\t\t\t\t<\/div>\n\t\t\t\t<\/div>\n\t\t<div class=\"elementor-element elementor-element-a60bf1f e-con-full caixa1 e-flex e-con e-child\" data-id=\"a60bf1f\" data-element_type=\"container\" data-settings=\"{&quot;background_background&quot;:&quot;gradient&quot;}\">\n\t\t\t\t<div class=\"elementor-element elementor-element-cc56da8 elementor-widget-mobile__width-inherit icon-box-vertical-align-center content-align-center icon-position-left icon-vertical-align-start elementor-widget elementor-widget-the7_icon_box_widget\" data-id=\"cc56da8\" data-element_type=\"widget\" data-settings=\"{&quot;htmega_fe&quot;:&quot;no&quot;}\" data-widget_type=\"the7_icon_box_widget.default\">\n\t\t\t\t<div class=\"elementor-widget-container\">\n\t\t\t\t\t\n\t\t<div class=\"the7-box-wrapper the7-elementor-widget the7_icon_box_widget-cc56da8\">\t\t\t<div class=\"box-content-wrapper\">\n\t\t\t\t\t\t\t\t<div class=\"box-content\">\n\t\t\t\t\t\t\t\t\t\t\t\t\t\t\t\t\t<h4 class=\"box-heading\">\n\t\t\t\t\t\t\t<a >\t\t\t\t\t\t\t\tPeque\u00f1a Empresa\t\t\t\t\t\t\t<\/a>\t\t\t\t\t\t<\/h4>\n\t\t\t\t\t\t\t\t\t\t\t\t\t\t\t\t<div class=\"box-description\">6 a 25 trabajadores\n<br><br><br><br> <span style=\"font-size: 50px; font-weight: 700; color: #03D87D;\">5500\u20ac<\/span><\/div>\n\t\t\t\t\t\n\t\t\t\t\t\n\t\t\t\t<\/div>\n\t\t\t<\/div>\n\t\t<\/div>\t\t\t\t\t<\/div>\n\t\t\t\t<\/div>\n\t\t\t\t<\/div>\n\t\t<div class=\"elementor-element elementor-element-b5fff25 e-con-full caixa1 e-flex e-con e-child\" data-id=\"b5fff25\" data-element_type=\"container\" data-settings=\"{&quot;background_background&quot;:&quot;gradient&quot;}\">\n\t\t\t\t<div class=\"elementor-element elementor-element-ca3275c elementor-widget-mobile__width-inherit icon-box-vertical-align-center content-align-center icon-position-left icon-vertical-align-start elementor-widget elementor-widget-the7_icon_box_widget\" data-id=\"ca3275c\" data-element_type=\"widget\" data-settings=\"{&quot;htmega_fe&quot;:&quot;no&quot;}\" data-widget_type=\"the7_icon_box_widget.default\">\n\t\t\t\t<div class=\"elementor-widget-container\">\n\t\t\t\t\t\n\t\t<div class=\"the7-box-wrapper the7-elementor-widget the7_icon_box_widget-ca3275c\">\t\t\t<div class=\"box-content-wrapper\">\n\t\t\t\t\t\t\t\t<div class=\"box-content\">\n\t\t\t\t\t\t\t\t\t\t\t\t\t\t\t\t\t<h4 class=\"box-heading\">\n\t\t\t\t\t\t\t<a >\t\t\t\t\t\t\t\tMedia Empresa\t\t\t\t\t\t\t<\/a>\t\t\t\t\t\t<\/h4>\n\t\t\t\t\t\t\t\t\t\t\t\t\t\t\t\t<div class=\"box-description\">26 a 100 trabajadores\n<br><br><br><br> <span style=\"font-size: 50px; font-weight: 700; color: #03D87D;\">4000\u20ac<\/span><\/div>\n\t\t\t\t\t\n\t\t\t\t\t\n\t\t\t\t<\/div>\n\t\t\t<\/div>\n\t\t<\/div>\t\t\t\t\t<\/div>\n\t\t\t\t<\/div>\n\t\t\t\t<\/div>\n\t\t<div class=\"elementor-element elementor-element-39a1b72 e-con-full caixa1 e-flex e-con e-child\" data-id=\"39a1b72\" data-element_type=\"container\" data-settings=\"{&quot;background_background&quot;:&quot;gradient&quot;}\">\n\t\t\t\t<div class=\"elementor-element elementor-element-2f2c8a7 elementor-widget-mobile__width-inherit icon-box-vertical-align-center content-align-center icon-position-left icon-vertical-align-start elementor-widget elementor-widget-the7_icon_box_widget\" data-id=\"2f2c8a7\" data-element_type=\"widget\" data-settings=\"{&quot;htmega_fe&quot;:&quot;no&quot;}\" data-widget_type=\"the7_icon_box_widget.default\">\n\t\t\t\t<div class=\"elementor-widget-container\">\n\t\t\t\t\t\n\t\t<div class=\"the7-box-wrapper the7-elementor-widget the7_icon_box_widget-2f2c8a7\">\t\t\t<div class=\"box-content-wrapper\">\n\t\t\t\t\t\t\t\t<div class=\"box-content\">\n\t\t\t\t\t\t\t\t\t\t\t\t\t\t\t\t\t<h4 class=\"box-heading\">\n\t\t\t\t\t\t\t<a >\t\t\t\t\t\t\t\tGran Empresa\t\t\t\t\t\t\t<\/a>\t\t\t\t\t\t<\/h4>\n\t\t\t\t\t\t\t\t\t\t\t\t\t\t\t\t<div class=\"box-description\">+100 trabajadores\n<br><br><br><br> <span style=\"font-size: 50px; font-weight: 700; color: #03D87D;\">3000\u20ac<\/span><\/div>\n\t\t\t\t\t\n\t\t\t\t\t\n\t\t\t\t<\/div>\n\t\t\t<\/div>\n\t\t<\/div>\t\t\t\t\t<\/div>\n\t\t\t\t<\/div>\n\t\t\t\t<\/div>\n\t\t\t\t<\/div>\n\t\t<div class=\"elementor-element elementor-element-7dfc535 e-flex e-con-boxed e-con e-parent\" data-id=\"7dfc535\" data-element_type=\"container\">\n\t\t\t\t\t<div class=\"e-con-inner\">\n\t\t\t\t<div class=\"elementor-element elementor-element-99f4db8 elementor-align-center elementor-widget elementor-widget-button\" data-id=\"99f4db8\" data-element_type=\"widget\" data-settings=\"{&quot;htmega_fe&quot;:&quot;yes&quot;,&quot;htmega_fe_scale_toggle&quot;:&quot;yes&quot;,&quot;htmega_fe_motion_toggle&quot;:&quot;yes&quot;,&quot;htmega_fe_scale_x&quot;:{&quot;unit&quot;:&quot;px&quot;,&quot;size&quot;:&quot;&quot;,&quot;sizes&quot;:{&quot;from&quot;:1,&quot;to&quot;:1.2}},&quot;htmega_fe_scale_y&quot;:{&quot;unit&quot;:&quot;px&quot;,&quot;size&quot;:&quot;&quot;,&quot;sizes&quot;:{&quot;from&quot;:1,&quot;to&quot;:1.2}},&quot;htmega_fe_scale_duration&quot;:{&quot;unit&quot;:&quot;px&quot;,&quot;size&quot;:1000,&quot;sizes&quot;:[]},&quot;htmega_fe_scale_delay&quot;:{&quot;unit&quot;:&quot;px&quot;,&quot;size&quot;:&quot;&quot;,&quot;sizes&quot;:[]},&quot;htmega_fe_direction&quot;:&quot;alternate&quot;,&quot;htmega_fe_loop&quot;:&quot;default&quot;,&quot;htmega_fe_easing&quot;:&quot;easeInOutSine&quot;}\" data-widget_type=\"button.default\">\n\t\t\t\t<div class=\"elementor-widget-container\">\n\t\t\t\t\t\t\t\t\t<div class=\"elementor-button-wrapper\">\n\t\t\t\t\t<a class=\"elementor-button elementor-button-link elementor-size-sm\" href=\"https:\/\/wa.me\/376666321?text=Hola,%20vull%20m\u00e9s%20informaci\u00f3%20sobre%20els%20ajuts%20per%20digitalitzar%20la%20meva%20empresa%20amb%20ProgDev\">\n\t\t\t\t\t\t<span class=\"elementor-button-content-wrapper\">\n\t\t\t\t\t\t\t\t\t<span class=\"elementor-button-text\">Demana'ns m\u00e9s informaci\u00f3 \ud83d\ude80<\/span>\n\t\t\t\t\t<\/span>\n\t\t\t\t\t<\/a>\n\t\t\t\t<\/div>\n\t\t\t\t\t\t\t\t<\/div>\n\t\t\t\t<\/div>\n\t\t\t\t\t<\/div>\n\t\t\t\t<\/div>\n\t\t\t\t<\/div>\n\t\t","protected":false},"excerpt":{"rendered":"<p>Digitaliza tu empresa con las ayudas del Programa de Digitalizaci\u00f3n de Andorra ProgDev es proveedor oficial del Programa de Digitalizaci\u00f3n del Gobierno de Andorra Micro Empresas de 1 a 5 trabajadores 6000\u20ac Peque\u00f1a Empresa 6 a 25 trabajadores 5500\u20ac Media Empresa 26 a 100 trabajadores 4000\u20ac Gran Empresa +100 trabajadores 3000\u20ac Demana&#8217;ns m\u00e9s informaci\u00f3 \ud83d\ude80<\/p>\n","protected":false},"author":1,"featured_media":0,"parent":0,"menu_order":58,"comment_status":"closed","ping_status":"closed","template":"elementor_canvas","meta":{"_uf_show_specific_survey":0,"_uf_disable_surveys":false,"_joinchat":[],"footnotes":""},"class_list":["post-24552","page","type-page","status-publish","hentry"],"yoast_head":"<!-- This site is optimized with the Yoast SEO plugin v26.7 - https:\/\/yoast.com\/wordpress\/plugins\/seo\/ -->\n<title>Programa de Digitalizaci\u00f3n de Empresas Andorra - PROGDEV - Programaci\u00f3 a mida<\/title>\n<meta name=\"robots\" content=\"noindex, nofollow\" \/>\n<meta property=\"og:locale\" content=\"es_ES\" \/>\n<meta property=\"og:type\" content=\"article\" \/>\n<meta property=\"og:title\" content=\"Programa de Digitalizaci\u00f3n de Empresas Andorra - PROGDEV - Programaci\u00f3 a mida\" \/>\n<meta property=\"og:description\" content=\"Digitaliza tu empresa con las ayudas del Programa de Digitalizaci\u00f3n de Andorra ProgDev es proveedor oficial del Programa de Digitalizaci\u00f3n del Gobierno de Andorra Micro Empresas de 1 a 5 trabajadores 6000\u20ac Peque\u00f1a Empresa 6 a 25 trabajadores 5500\u20ac Media Empresa 26 a 100 trabajadores 4000\u20ac Gran Empresa +100 trabajadores 3000\u20ac Demana&#8217;ns m\u00e9s informaci\u00f3 \ud83d\ude80\" \/>\n<meta property=\"og:url\" content=\"https:\/\/progdev.pro\/es\/programa-de-digitalizacion-de-empresas-andorra\/\" \/>\n<meta property=\"og:site_name\" content=\"PROGDEV - Programaci\u00f3 a mida\" \/>\n<meta property=\"article:modified_time\" content=\"2025-12-12T09:30:30+00:00\" \/>\n<meta name=\"twitter:card\" content=\"summary_large_image\" \/>\n<!-- \/ Yoast SEO plugin. -->","yoast_head_json":{"title":"Programa de Digitalizaci\u00f3n de Empresas Andorra - PROGDEV - Programaci\u00f3 a mida","robots":{"index":"noindex","follow":"nofollow"},"og_locale":"es_ES","og_type":"article","og_title":"Programa de Digitalizaci\u00f3n de Empresas Andorra - PROGDEV - Programaci\u00f3 a mida","og_description":"Digitaliza tu empresa con las ayudas del Programa de Digitalizaci\u00f3n de Andorra ProgDev es proveedor oficial del Programa de Digitalizaci\u00f3n del Gobierno de Andorra Micro Empresas de 1 a 5 trabajadores 6000\u20ac Peque\u00f1a Empresa 6 a 25 trabajadores 5500\u20ac Media Empresa 26 a 100 trabajadores 4000\u20ac Gran Empresa +100 trabajadores 3000\u20ac Demana&#8217;ns m\u00e9s informaci\u00f3 \ud83d\ude80","og_url":"https:\/\/progdev.pro\/es\/programa-de-digitalizacion-de-empresas-andorra\/","og_site_name":"PROGDEV - Programaci\u00f3 a mida","article_modified_time":"2025-12-12T09:30:30+00:00","twitter_card":"summary_large_image","schema":{"@context":"https:\/\/schema.org","@graph":[{"@type":"WebPage","@id":"https:\/\/progdev.pro\/es\/programa-de-digitalizacion-de-empresas-andorra\/","url":"https:\/\/progdev.pro\/es\/programa-de-digitalizacion-de-empresas-andorra\/","name":"Programa de Digitalizaci\u00f3n de Empresas Andorra - PROGDEV - Programaci\u00f3 a mida","isPartOf":{"@id":"https:\/\/progdev.pro\/es\/#website"},"datePublished":"2025-10-09T15:14:27+00:00","dateModified":"2025-12-12T09:30:30+00:00","breadcrumb":{"@id":"https:\/\/progdev.pro\/es\/programa-de-digitalizacion-de-empresas-andorra\/#breadcrumb"},"inLanguage":"es","potentialAction":[{"@type":"ReadAction","target":["https:\/\/progdev.pro\/es\/programa-de-digitalizacion-de-empresas-andorra\/"]}]},{"@type":"BreadcrumbList","@id":"https:\/\/progdev.pro\/es\/programa-de-digitalizacion-de-empresas-andorra\/#breadcrumb","itemListElement":[{"@type":"ListItem","position":1,"name":"Home","item":"https:\/\/progdev.pro\/es\/"},{"@type":"ListItem","position":2,"name":"Programa de Digitalizaci\u00f3n de Empresas Andorra"}]},{"@type":"WebSite","@id":"https:\/\/progdev.pro\/es\/#website","url":"https:\/\/progdev.pro\/es\/","name":"PROGDEV - Programaci\u00f3 a mida","description":"Confeccionem programes a mida, adaptats a les necessitats de la vostra organitzaci\u00f3. Tot el que us podeu imaginar es pot programar.","publisher":{"@id":"https:\/\/progdev.pro\/es\/#organization"},"potentialAction":[{"@type":"SearchAction","target":{"@type":"EntryPoint","urlTemplate":"https:\/\/progdev.pro\/es\/?s={search_term_string}"},"query-input":{"@type":"PropertyValueSpecification","valueRequired":true,"valueName":"search_term_string"}}],"inLanguage":"es"},{"@type":"Organization","@id":"https:\/\/progdev.pro\/es\/#organization","name":"PROGDEV - Programaci\u00f3 a mida","url":"https:\/\/progdev.pro\/es\/","logo":{"@type":"ImageObject","inLanguage":"es","@id":"https:\/\/progdev.pro\/es\/#\/schema\/logo\/image\/","url":"https:\/\/progdev.pro\/wp-content\/uploads\/2024\/04\/cropped-Progdev_ICON-1.png","contentUrl":"https:\/\/progdev.pro\/wp-content\/uploads\/2024\/04\/cropped-Progdev_ICON-1.png","width":512,"height":512,"caption":"PROGDEV - Programaci\u00f3 a mida"},"image":{"@id":"https:\/\/progdev.pro\/es\/#\/schema\/logo\/image\/"}}]}},"_links":{"self":[{"href":"https:\/\/progdev.pro\/es\/wp-json\/wp\/v2\/pages\/24552","targetHints":{"allow":["GET"]}}],"collection":[{"href":"https:\/\/progdev.pro\/es\/wp-json\/wp\/v2\/pages"}],"about":[{"href":"https:\/\/progdev.pro\/es\/wp-json\/wp\/v2\/types\/page"}],"author":[{"embeddable":true,"href":"https:\/\/progdev.pro\/es\/wp-json\/wp\/v2\/users\/1"}],"replies":[{"embeddable":true,"href":"https:\/\/progdev.pro\/es\/wp-json\/wp\/v2\/comments?post=24552"}],"version-history":[{"count":35,"href":"https:\/\/progdev.pro\/es\/wp-json\/wp\/v2\/pages\/24552\/revisions"}],"predecessor-version":[{"id":24687,"href":"https:\/\/progdev.pro\/es\/wp-json\/wp\/v2\/pages\/24552\/revisions\/24687"}],"wp:attachment":[{"href":"https:\/\/progdev.pro\/es\/wp-json\/wp\/v2\/media?parent=24552"}],"curies":[{"name":"wp","href":"https:\/\/api.w.org\/{rel}","templated":true}]}}